{"id":115,"date":"2023-05-12T00:36:58","date_gmt":"2023-05-12T00:36:58","guid":{"rendered":"https:\/\/www.czs.com.br\/ais\/sbcz-php\/?page_id=115"},"modified":"2025-05-08T08:35:29","modified_gmt":"2025-05-08T13:35:29","slug":"objetivos-da-qualidade","status":"publish","type":"page","link":"https:\/\/www.czs.com.br\/ais\/sbcz\/objetivos-da-qualidade\/","title":{"rendered":"OBJETIVOS DA QUALIDADE"},"content":{"rendered":"<div id=\"qualidade\">\n<div style=\"padding: 1% 10% 0 10%;\">\n<p class=\"q1\">OBJETIVOS DA QUALIDADE<\/p>\n<p class=\"q2b\">I &#8211; garantir a regularidade na divulga\u00e7\u00e3o das informa\u00e7\u00f5es meteorol\u00f3gicas METAR e SPECI, conforme estabelecido em normas;<\/p>\n<p class=\"q2b\">II &#8211; garantir a correta confec\u00e7\u00e3o das informa\u00e7\u00f5es meteorol\u00f3gicas METAR e SPECI, conforme estabelecido em normas; e<\/p>\n<p class=\"q2b\">III &#8211; garantir a satisfa\u00e7\u00e3o dos clientes.<\/p>\n<p class=\"q3\">Refer\u00eancia: MCA 800-7\/2025, Cap\u00edtulo VI, Art. 35<\/p>\n<\/p><\/div>\n<\/div>\n<div id=\"scripts\" style=\"display: none;\">\n<script>\n    $(document).ready(function () {\n      setTimeout(function () {\n        location.replace(\"https:\/\/www.czs.com.br\/ais\/sbcz\/metar\/\");\n      }, 30000);\n    });\n<\/script>\n<\/div>\n","protected":false},"excerpt":{"rendered":"<p>OBJETIVOS DA QUALIDADE I &#8211; garantir a regularidade na divulga\u00e7\u00e3o das informa\u00e7\u00f5es meteorol\u00f3gicas METAR e SPECI, conforme estabelecido em normas; II &#8211; garantir a correta confec\u00e7\u00e3o das informa\u00e7\u00f5es meteorol\u00f3gicas METAR e SPECI, conforme estabelecido em normas; e III &#8211; garantir a satisfa\u00e7\u00e3o dos clientes. Refer\u00eancia: MCA 800-7\/2025, Cap\u00edtulo VI, Art. 35<\/p>\n","protected":false},"author":1,"featured_media":0,"parent":0,"menu_order":0,"comment_status":"closed","ping_status":"closed","template":"","meta":{"footnotes":""},"class_list":["post-115","page","type-page","status-publish","hentry"],"_links":{"self":[{"href":"https:\/\/www.czs.com.br\/ais\/sbcz\/wp-json\/wp\/v2\/pages\/115","targetHints":{"allow":["GET"]}}],"collection":[{"href":"https:\/\/www.czs.com.br\/ais\/sbcz\/wp-json\/wp\/v2\/pages"}],"about":[{"href":"https:\/\/www.czs.com.br\/ais\/sbcz\/wp-json\/wp\/v2\/types\/page"}],"author":[{"embeddable":true,"href":"https:\/\/www.czs.com.br\/ais\/sbcz\/wp-json\/wp\/v2\/users\/1"}],"replies":[{"embeddable":true,"href":"https:\/\/www.czs.com.br\/ais\/sbcz\/wp-json\/wp\/v2\/comments?post=115"}],"version-history":[{"count":10,"href":"https:\/\/www.czs.com.br\/ais\/sbcz\/wp-json\/wp\/v2\/pages\/115\/revisions"}],"predecessor-version":[{"id":499,"href":"https:\/\/www.czs.com.br\/ais\/sbcz\/wp-json\/wp\/v2\/pages\/115\/revisions\/499"}],"wp:attachment":[{"href":"https:\/\/www.czs.com.br\/ais\/sbcz\/wp-json\/wp\/v2\/media?parent=115"}],"curies":[{"name":"wp","href":"https:\/\/api.w.org\/{rel}","templated":true}]}}