{"id":118,"date":"2023-05-12T00:37:46","date_gmt":"2023-05-12T00:37:46","guid":{"rendered":"https:\/\/www.czs.com.br\/ais\/sbcz-php\/?page_id=118"},"modified":"2025-05-08T08:35:04","modified_gmt":"2025-05-08T13:35:04","slug":"politica-da-qualidade","status":"publish","type":"page","link":"https:\/\/www.czs.com.br\/ais\/sbcz\/politica-da-qualidade\/","title":{"rendered":"POL\u00cdTICA DA QUALIDADE"},"content":{"rendered":"<div id=\"qualidade\">\n<div style=\"padding: 1% 10% 0 10%;\">\n<p class=\"q1\">POL\u00cdTICA DA QUALIDADE<\/p>\n<p class=\"q2\">O DECEA, em conson\u00e2ncia com a regulamenta\u00e7\u00e3o internacional e nacional aplic\u00e1veis, se compromete a prestar, com qualidade, o servi\u00e7o de informa\u00e7\u00f5es meteorol\u00f3gicas, inovando e promovendo a melhoria do sistema de gest\u00e3o da qualidade.<\/p>\n<p class=\"q3\">Refer\u00eancia: MCA 800-7\/2025, Cap\u00edtulo V, Art. 34<\/p>\n<p class=\"q4\"><a href=\"https:\/\/www.czs.com.br\/ais\/sbcz\/objetivos-da-qualidade\/\" target=\"_top\" rel=\"noopener\">OBJETIVOS DA QUALIDADE<\/a><\/p>\n<\/div>\n<\/div>\n<div id=\"scripts\" style=\"display: none;\"><script>\n    $(document).ready(function () {\n      setTimeout(function () {\n        location.replace(\"https:\/\/www.czs.com.br\/ais\/sbcz\/objetivos-da-qualidade\/\");\n      }, 30000);\n    });\n<\/script><\/div>\n","protected":false},"excerpt":{"rendered":"<p>POL\u00cdTICA DA QUALIDADE O DECEA, em conson\u00e2ncia com a regulamenta\u00e7\u00e3o internacional e nacional aplic\u00e1veis, se compromete a prestar, com qualidade, o servi\u00e7o de informa\u00e7\u00f5es meteorol\u00f3gicas, inovando e promovendo a melhoria do sistema de gest\u00e3o da qualidade. Refer\u00eancia: MCA 800-7\/2025, Cap\u00edtulo V, Art. 34 OBJETIVOS DA QUALIDADE<\/p>\n","protected":false},"author":1,"featured_media":0,"parent":0,"menu_order":0,"comment_status":"closed","ping_status":"closed","template":"","meta":{"footnotes":""},"class_list":["post-118","page","type-page","status-publish","hentry"],"_links":{"self":[{"href":"https:\/\/www.czs.com.br\/ais\/sbcz\/wp-json\/wp\/v2\/pages\/118","targetHints":{"allow":["GET"]}}],"collection":[{"href":"https:\/\/www.czs.com.br\/ais\/sbcz\/wp-json\/wp\/v2\/pages"}],"about":[{"href":"https:\/\/www.czs.com.br\/ais\/sbcz\/wp-json\/wp\/v2\/types\/page"}],"author":[{"embeddable":true,"href":"https:\/\/www.czs.com.br\/ais\/sbcz\/wp-json\/wp\/v2\/users\/1"}],"replies":[{"embeddable":true,"href":"https:\/\/www.czs.com.br\/ais\/sbcz\/wp-json\/wp\/v2\/comments?post=118"}],"version-history":[{"count":17,"href":"https:\/\/www.czs.com.br\/ais\/sbcz\/wp-json\/wp\/v2\/pages\/118\/revisions"}],"predecessor-version":[{"id":498,"href":"https:\/\/www.czs.com.br\/ais\/sbcz\/wp-json\/wp\/v2\/pages\/118\/revisions\/498"}],"wp:attachment":[{"href":"https:\/\/www.czs.com.br\/ais\/sbcz\/wp-json\/wp\/v2\/media?parent=118"}],"curies":[{"name":"wp","href":"https:\/\/api.w.org\/{rel}","templated":true}]}}