{"id":13,"date":"2011-05-12T02:51:02","date_gmt":"2011-05-12T07:51:02","guid":{"rendered":"http:\/\/czs.com.br\/wordpress\/?page_id=13"},"modified":"2024-08-30T15:28:13","modified_gmt":"2024-08-30T20:28:13","slug":"diversos","status":"publish","type":"page","link":"https:\/\/www.czs.com.br\/atalhos\/diversos","title":{"rendered":"Diversos"},"content":{"rendered":"<div id=\"grid\">\n<div id=\"coluna1\">\r\n\t\t<!-- start[WP Render Blogroll Links 2.1.8] -->\r\n\r\n\t\t<div class=\"linkcat\">\r\n\t\t\t<h2 class=\"linkcattitle\">Diversos<\/h2>\r\n\t\t\t<div id=\"catid2\">\r\n\t\t\t<ul class=\"xoxo blogroll\">\r\n\t\t\t\t<li class=\"brlink\"><a href=\"https:\/\/www.amazon.com.br\/prime?&#038;linkCode=ll2&#038;tag=atalhos-20&#038;linkId=eb7c201238a2a435a004589a84214323&#038;language=pt_BR&#038;ref_=as_li_ss_tl\" target=\"_blank\">Amazon Prime \u2605<\/a><\/li>\n\t\t\t\t<li class=\"brlink\"><a href=\"https:\/\/pt-br.facebook.com\/Avalee.me\" target=\"_blank\">Avalee.me<\/a><\/li>\n\t\t\t\t<li class=\"brlink\"><a href=\"https:\/\/www.avon.com.br\/\" target=\"_blank\">Avon<\/a><\/li>\n\t\t\t\t<li class=\"brlink\"><a href=\"https:\/\/accounts.natura-avon.com\/queroserconsultora\" target=\"_blank\">Avon \u00b7 Pedido F\u00e1cil<\/a><\/li>\n\t\t\t\t<li class=\"brlink\"><a href=\"http:\/\/www.bibliaonline.com.br\/\" target=\"_blank\">B\u00edblia (1)<\/a><\/li>\n\t\t\t\t<li class=\"brlink\"><a href=\"http:\/\/www.bibliaon.com\/\" target=\"_blank\">B\u00edblia (2)<\/a><\/li>\n\t\t\t\t<li class=\"brlink\"><a href=\"https:\/\/projudi.tjgo.jus.br\/CalculadoraTemposDatasPublica\" target=\"_blank\">Calculadora de Datas<\/a><\/li>\n\t\t\t\t<li class=\"brlink\"><a href=\"https:\/\/www.czs.com.br\/aplicativos\/calculadora-de-idade.htm\" target=\"_blank\">Calculadora de Idade<\/a><\/li>\n\t\t\t\t<li class=\"brlink\"><a href=\"https:\/\/www.calendario.com.br\/feriados-cruzeiro_do_sul-ac.php\" target=\"_blank\">Calend\u00e1rio<\/a><\/li>\n\t\t\t\t<li class=\"brlink\"><a href=\"https:\/\/chatgpt.com\/\" target=\"_blank\">ChatGPT<\/a><\/li>\n\t\t\t\t<li class=\"brlink\"><a href=\"https:\/\/gandr.io\/online-collage-maker.html\" target=\"_blank\">Colagem de Fotos<\/a><\/li>\n\t\t\t\t<li class=\"brlink\"><a href=\"https:\/\/www.consorcionacionalhonda.com.br\/\" target=\"_blank\">Cons\u00f3rcio Honda<\/a><\/li>\n\t\t\t\t<li class=\"brlink\"><a href=\"https:\/\/www.sky.com.br\/minha-sky\/login\" target=\"_blank\">Conta SKY<\/a><\/li>\n\t\t\t\t<li class=\"brlink\"><a href=\"https:\/\/www.correios.com.br\/\" target=\"_blank\">Correios<\/a><\/li>\n\t\t\t\t<li class=\"brlink\"><a href=\"http:\/\/www.crmac.org.br\/index.php?option=com_medicos&#038;Itemid=59\" target=\"_blank\">CRM AC<\/a><\/li>\n\t\t\t\t<li class=\"brlink\"><a href=\"https:\/\/www.dotz.com.br\/\" target=\"_blank\">Dotz<\/a><\/li>\n\t\t\t\t<li class=\"brlink\"><a href=\"http:\/\/www.euatleta.com\/\" target=\"_blank\">Eu Atleta<\/a><\/li>\n\t\t\t\t<li class=\"brlink\"><a href=\"http:\/\/www.facebook.com\/help\/contact.php?show_form=delete_account\">Excluir Facebook<\/a><\/li>\n\t\t\t\t<li class=\"brlink\"><a href=\"https:\/\/facio.com.br\/?amigo=239de95c-b28a-40ba-a153-669dc1d0e306&#038;utm_source=app&#038;utm_campaign=ds_icon\" target=\"_blank\">Facio<\/a><\/li>\n\t\t\t\t<li class=\"brlink\"><a href=\"http:\/\/www.floorplanner.com\/\" target=\"_blank\">FloorPlanner<\/a><\/li>\n\t\t\t\t<li class=\"brlink\"><a href=\"https:\/\/drive.google.com\/?tab=mo&#038;authuser=0#my-drive\" target=\"_blank\">Google Drive<\/a><\/li>\n\t\t\t\t<li class=\"brlink\"><a href=\"https:\/\/www.icloud.com\/\" target=\"_blank\">iCloud<\/a><\/li>\n\t\t\t\t<li class=\"brlink\"><a href=\"https:\/\/www.kmdevantagens.com.br\/\" target=\"_blank\">Ipiranga Shop<\/a><\/li>\n\t\t\t\t<li class=\"brlink\"><a href=\"https:\/\/www.adobe.com\/br\/acrobat\/online\/merge-pdf.html\" target=\"_blank\">Juntar PDF<\/a><\/li>\n\t\t\t\t<li class=\"brlink\"><a href=\"https:\/\/www.koin.com.br\/\" target=\"_blank\">Koin<\/a><\/li>\n\t\t\t\t<li class=\"brlink\"><a href=\"http:\/\/www.lagoinha.com\/\" target=\"_blank\">Lagoinha<\/a><\/li>\n\t\t\t\t<li class=\"brlink\"><a href=\"http:\/\/sistemas.procon.sp.gov.br\/evitesite\/list\/evitesites.php\" target=\"_blank\">Lojas Negativadas<\/a><\/li>\n\t\t\t\t<li class=\"brlink\"><a href=\"https:\/\/www.meualelo.com.br\/\" target=\"_blank\">Meu Alelo<\/a><\/li>\n\t\t\t\t<li class=\"brlink\"><a href=\"http:\/\/www.myheritage.com.br\/\" target=\"_blank\">My Heritage<\/a><\/li>\n\t\t\t\t<li class=\"brlink\"><a href=\"https:\/\/www.pensador.com\/\" target=\"_blank\">Pensador<\/a><\/li>\n\t\t\t\t<li class=\"brlink\"><a href=\"https:\/\/ganheonline.dotz.com.br\/\" target=\"_blank\">Shopping Dotz<\/a><\/li>\n\t\t\t\t<li class=\"brlink\"><a href=\"https:\/\/smallpdf.com\/pt\" target=\"_blank\">Small PDF<\/a><\/li>\n\t\t\t\t<li class=\"brlink\"><a href=\"https:\/\/www.smiles.com.br\/\" target=\"_blank\">Smiles<\/a><\/li>\n\t\t\t\t<li class=\"brlink\"><a href=\"https:\/\/www.sodexobeneficios.com.br\/\" target=\"_blank\">Sodexo<\/a><\/li>\n\t\t\t\t<li class=\"brlink\"><a href=\"https:\/\/www.sodexobeneficios.com.br\/\" target=\"_blank\">Sodexo \u00b7 Saldo<\/a><\/li>\n\t\t\t\t<li class=\"brlink\"><a href=\"https:\/\/veiculos.fipe.org.br\/\" target=\"_blank\">Tabela FIPE<\/a><\/li>\n\t\t\t\t<li class=\"brlink\"><a href=\"http:\/\/www.ticket.com.br\/\" target=\"_blank\">Ticket<\/a><\/li>\n\t\t\t\t<li class=\"brlink\"><a href=\"https:\/\/vivasorteoficial.com.br\/\" target=\"_blank\">Viva Sorte<\/a><\/li>\n\r\n\t\t\t<\/ul>\r\n\t\t\t<\/div>\r\n\t\t<\/div>\r\n\r\n\r\n\t\t<!-- end[WP Render Blogroll Links 2.1.8] --><\/div>\n<div id=\"coluna2\">\r\n\t\t<!-- start[WP Render Blogroll Links 2.1.8] -->\r\n\r\n\t\t<div class=\"linkcat\">\r\n\t\t\t<h2 class=\"linkcattitle\">Delivery<\/h2>\r\n\t\t\t<div id=\"catid88\">\r\n\t\t\t<ul class=\"xoxo blogroll\">\r\n\t\t\t\t<li class=\"brlink\"><a href=\"https:\/\/aiqfome.com\/restaurantes\/cruzeiro-do-sul-AC\" target=\"_blank\">Aiqfome<\/a><\/li>\n\t\t\t\t<li class=\"brlink\"><a href=\"https:\/\/www.ifood.com.br\/\" target=\"_blank\">iFood<\/a><\/li>\n\t\t\t\t<li class=\"brlink\"><a href=\"https:\/\/www.reidapizzaczs.com.br\/\" target=\"_blank\">Rei da Pizza<\/a><\/li>\n\t\t\t\t<li class=\"brlink\"><a href=\"https:\/\/www.superburgerczs.com.br\/\" target=\"_blank\">Super Burger<\/a><\/li>\n\t\t\t\t<li class=\"brlink\"><a href=\"https:\/\/zennorestaurante.menudino.com\/\" target=\"_blank\">Zenno<\/a><\/li>\n\r\n\t\t\t<\/ul>\r\n\t\t\t<\/div>\r\n\t\t<\/div>\r\n\r\n\r\n\t\t<!-- end[WP Render Blogroll Links 2.1.8] -->\r\n\t\t<!-- start[WP Render Blogroll Links 2.1.8] -->\r\n\r\n\t\t<div class=\"linkcat\">\r\n\t\t\t<h2 class=\"linkcattitle\">Governo<\/h2>\r\n\t\t\t<div id=\"catid32\">\r\n\t\t\t<ul class=\"xoxo blogroll\">\r\n\t\t\t\t<li class=\"brlink\"><a href=\"https:\/\/e-gov.betha.com.br\/e-nota\/verificar_autenticidade.faces\" target=\"_blank\">2\u00aa Via de NFS-e<\/a><\/li>\n\t\t\t\t<li class=\"brlink\"><a href=\"https:\/\/assinador.iti.br\/assinatura\/index.xhtml\" target=\"_blank\">Assinatura GOV<\/a><\/li>\n\t\t\t\t<li class=\"brlink\"><a href=\"http:\/\/censo2010.ibge.gov.br\/\" target=\"_blank\">Censo 2010<\/a><\/li>\n\t\t\t\t<li class=\"brlink\"><a href=\"https:\/\/www.detran.ac.gov.br\/\" target=\"_blank\">Detran AC<\/a><\/li>\n\t\t\t\t<li class=\"brlink\"><a href=\"https:\/\/www.detran.am.gov.br\/\" target=\"_blank\">Detran AM<\/a><\/li>\n\t\t\t\t<li class=\"brlink\"><a href=\"https:\/\/www.detran.df.gov.br\/\" target=\"_blank\">Detran DF<\/a><\/li>\n\t\t\t\t<li class=\"brlink\"><a href=\"https:\/\/www.detran.ro.gov.br\/\" target=\"_blank\">Detran RO<\/a><\/li>\n\t\t\t\t<li class=\"brlink\"><a href=\"http:\/\/www.diario.ac.gov.br\/\" target=\"_blank\">Di\u00e1rio AC<\/a><\/li>\n\t\t\t\t<li class=\"brlink\"><a href=\"https:\/\/login.esocial.gov.br\/login.aspx\" target=\"_blank\">eSocial<\/a><\/li>\n\t\t\t\t<li class=\"brlink\"><a href=\"http:\/\/www.ac.gov.br\/\" target=\"_blank\">Governo do Acre<\/a><\/li>\n\t\t\t\t<li class=\"brlink\"><a href=\"http:\/\/www.ibama.gov.br\/\" target=\"_blank\">Ibama<\/a><\/li>\n\t\t\t\t<li class=\"brlink\"><a href=\"https:\/\/busca.inpi.gov.br\/pePI\/jsp\/marcas\/Pesquisa_num_processo.jsp\" target=\"_blank\">INPI<\/a><\/li>\n\t\t\t\t<li class=\"brlink\"><a href=\"https:\/\/mir.receita.fazenda.gov.br\/portalmir\/\" target=\"_blank\">Meu IR<\/a><\/li>\n\t\t\t\t<li class=\"brlink\"><a href=\"https:\/\/censo2010.ibge.gov.br\/nomes\/\" target=\"_blank\">Nomes no Brasil<\/a><\/li>\n\t\t\t\t<li class=\"brlink\"><a href=\"https:\/\/notapremiadaacreana.ac.gov.br\/login\" target=\"_blank\">Nota Premiada Acreana<\/a><\/li>\n\t\t\t\t<li class=\"brlink\"><a href=\"http:\/\/www.portaldatransparencia.gov.br\/\" target=\"_blank\">Portal da Transpar\u00eancia<\/a><\/li>\n\t\t\t\t<li class=\"brlink\"><a href=\"https:\/\/cav.receita.fazenda.gov.br\/autenticacao\/login\" target=\"_blank\">Portal e-CAC<\/a><\/li>\n\t\t\t\t<li class=\"brlink\"><a href=\"https:\/\/e-gov.betha.com.br\/cdweb\/03114-081\/contribuinte\/main.faces\" target=\"_blank\">Prefeitura de CZS<\/a><\/li>\n\t\t\t\t<li class=\"brlink\"><a href=\"http:\/\/www.receita.fazenda.gov.br\/\" target=\"_blank\">Receita Federal<\/a><\/li>\n\t\t\t\t<li class=\"brlink\"><a href=\"https:\/\/servicos.receita.fazenda.gov.br\/Servicos\/ConsRest\/Atual.app\/paginas\/index.asp\" target=\"_blank\">Restitui\u00e7\u00e3o do IRPF<\/a><\/li>\n\t\t\t\t<li class=\"brlink\"><a href=\"https:\/\/saneacre.ac.gov.br\/\" target=\"_blank\">Saneacre<\/a><\/li>\n\t\t\t\t<li class=\"brlink\"><a href=\"https:\/\/saneacre.ac.gov.br\/\" target=\"_blank\">Saneacre (Depasa)<\/a><\/li>\n\t\t\t\t<li class=\"brlink\"><a href=\"https:\/\/ssd.mec.gov.br\/\" target=\"_blank\">SSD MEC<\/a><\/li>\n\t\t\t\t<li class=\"brlink\"><a href=\"http:\/\/www.suframa.gov.br\/\" target=\"_blank\">Suframa<\/a><\/li>\n\r\n\t\t\t<\/ul>\r\n\t\t\t<\/div>\r\n\t\t<\/div>\r\n\r\n\r\n\t\t<!-- end[WP Render Blogroll Links 2.1.8] --><\/div>\n<div id=\"coluna3\">\r\n\t\t<!-- start[WP Render Blogroll Links 2.1.8] -->\r\n\r\n\t\t<div class=\"linkcat\">\r\n\t\t\t<h2 class=\"linkcattitle\">Jogos<\/h2>\r\n\t\t\t<div id=\"catid43\">\r\n\t\t\t<ul class=\"xoxo blogroll\">\r\n\t\t\t\t<li class=\"brlink\"><a href=\"https:\/\/www.max.com\/br\/pt\/channel\/cartoon-network\" target=\"_blank\">Cartoon Network<\/a><\/li>\n\t\t\t\t<li class=\"brlink\"><a href=\"http:\/\/www.clickjogos.com.br\/\" target=\"_blank\">Click Jogos<\/a><\/li>\n\t\t\t\t<li class=\"brlink\"><a href=\"https:\/\/www.discoveryplus.com\/br\/shows?network=discovery-kids\" target=\"_blank\">Discovery Kids<\/a><\/li>\n\t\t\t\t<li class=\"brlink\"><a href=\"https:\/\/disneynow.com\/\" target=\"_blank\">Disney Now<\/a><\/li>\n\t\t\t\t<li class=\"brlink\"><a href=\"https:\/\/www.nickjr.com.br\/\" target=\"_blank\">Nick Jr<\/a><\/li>\n\r\n\t\t\t<\/ul>\r\n\t\t\t<\/div>\r\n\t\t<\/div>\r\n\r\n\t\t<div class=\"linkcat\">\r\n\t\t\t<h2 class=\"linkcattitle\">Personaliza\u00e7\u00e3o<\/h2>\r\n\t\t\t<div id=\"catid47\">\r\n\t\t\t<ul class=\"xoxo blogroll\">\r\n\t\t\t\t<li class=\"brlink\"><a href=\"https:\/\/www.atualcard.com.br\/\" target=\"_blank\">Atual Card<\/a><\/li>\n\t\t\t\t<li class=\"brlink\"><a href=\"https:\/\/gandr.io\/online-collage-maker.html\" target=\"_blank\">Colagem de Fotos<\/a><\/li>\n\t\t\t\t<li class=\"brlink\"><a href=\"https:\/\/desygner.com\/pt\/\" target=\"_blank\">Desygner<\/a><\/li>\n\t\t\t\t<li class=\"brlink\"><a href=\"https:\/\/www.fotoregistro.com.br\/\" target=\"_blank\">Foto Registro<\/a><\/li>\n\t\t\t\t<li class=\"brlink\"><a href=\"https:\/\/www.freedompersonalizados.com.br\/\" target=\"_blank\">Freedom Personalizados<\/a><\/li>\n\t\t\t\t<li class=\"brlink\"><a href=\"https:\/\/www.nicephotos.com.br\/\" target=\"_blank\">Nicephotos<\/a><\/li>\n\t\t\t\t<li class=\"brlink\"><a href=\"https:\/\/saraiva.digipix.com.br\/\" target=\"_blank\">Saraiva \u00b7 Fotos<\/a><\/li>\n\t\t\t\t<li class=\"brlink\"><a href=\"https:\/\/www.zazzle.com.br\/\" target=\"_blank\">Zazzle<\/a><\/li>\n\r\n\t\t\t<\/ul>\r\n\t\t\t<\/div>\r\n\t\t<\/div>\r\n\r\n\t\t<div class=\"linkcat\">\r\n\t\t\t<h2 class=\"linkcattitle\">Promo\u00e7\u00f5es<\/h2>\r\n\t\t\t<div id=\"catid45\">\r\n\t\t\t<ul class=\"xoxo blogroll\">\r\n\t\t\t\t<li class=\"brlink\"><a href=\"https:\/\/notapremiadaacreana.ac.gov.br\/login\" target=\"_blank\">Nota Premiada Acreana<\/a><\/li>\n\t\t\t\t<li class=\"brlink\"><a href=\"https:\/\/www.petrobraspremmia.com.br\/\" target=\"_blank\">Petrobras Premmia<\/a><\/li>\n\t\t\t\t<li class=\"brlink\"><a href=\"https:\/\/pix.energisa.com.br\/home\" target=\"_blank\">Promo\u00e7\u00e3o Energisa<\/a><\/li>\n\t\t\t\t<li class=\"brlink\"><a href=\"https:\/\/www.promocoesnestle.com.br\/\" target=\"_blank\">Promo\u00e7\u00f5es Nestl\u00e9<\/a><\/li>\n\t\t\t\t<li class=\"brlink\"><a href=\"https:\/\/www.universoourocard.com.br\" target=\"_blank\">Promo\u00e7\u00f5es Ourocard<\/a><\/li>\n\t\t\t\t<li class=\"brlink\"><a href=\"http:\/\/www.promocoesvisa.com.br\" target=\"_blank\">Promo\u00e7\u00f5es Visa<\/a><\/li>\n\r\n\t\t\t<\/ul>\r\n\t\t\t<\/div>\r\n\t\t<\/div>\r\n\r\n\t\t<div class=\"linkcat\">\r\n\t\t\t<h2 class=\"linkcattitle\">Telefonia<\/h2>\r\n\t\t\t<div id=\"catid15\">\r\n\t\t\t<ul class=\"xoxo blogroll\">\r\n\t\t\t\t<li class=\"brlink\"><a href=\"https:\/\/www.oi.com.br\/oi\/oi-pra-voce\/102\" target=\"_blank\">102 Online<\/a><\/li>\n\t\t\t\t<li class=\"brlink\"><a href=\"https:\/\/www.claro.com.br\/\" target=\"_blank\">Claro<\/a><\/li>\n\t\t\t\t<li class=\"brlink\"><a href=\"https:\/\/login.vivo.com.br\/\" target=\"_blank\">Meu Vivo<\/a><\/li>\n\t\t\t\t<li class=\"brlink\"><a href=\"https:\/\/minhaclaro.claro.com.br\/\" target=\"_blank\">Minha Claro<\/a><\/li>\n\t\t\t\t<li class=\"brlink\"><a href=\"https:\/\/www.oi.com.br\/minha-oi\/\" target=\"_blank\">Minha Oi<\/a><\/li>\n\t\t\t\t<li class=\"brlink\"><a href=\"https:\/\/www.oi.com.br\/\" target=\"_blank\">Oi \/ Brasiltelecom<\/a><\/li>\n\t\t\t\t<li class=\"brlink\"><a href=\"https:\/\/meutim.tim.com.br\/\" target=\"_blank\">Tim<\/a><\/li>\n\t\t\t\t<li class=\"brlink\"><a href=\"https:\/\/vivo.com.br\/para-voce\" target=\"_blank\">Vivo<\/a><\/li>\n\r\n\t\t\t<\/ul>\r\n\t\t\t<\/div>\r\n\t\t<\/div>\r\n\r\n\r\n\t\t<!-- end[WP Render Blogroll Links 2.1.8] --><\/div>\n<div id=\"coluna4\">\r\n\t\t<!-- start[WP Render Blogroll Links 2.1.8] -->\r\n\r\n\t\t<div class=\"linkcat\">\r\n\t\t\t<h2 class=\"linkcattitle\">Filmes &amp; Cia<\/h2>\r\n\t\t\t<div id=\"catid51\">\r\n\t\t\t<ul class=\"xoxo blogroll\">\r\n\t\t\t\t<li class=\"brlink\"><a href=\"https:\/\/www.adorocinema.com\/\" target=\"_blank\">Adoro Cinema<\/a><\/li>\n\t\t\t\t<li class=\"brlink\"><a href=\"https:\/\/www.amazon.com.br\/prime?&#038;linkCode=ll2&#038;tag=atalhos-20&#038;linkId=eb7c201238a2a435a004589a84214323&#038;language=pt_BR&#038;ref_=as_li_ss_tl\" target=\"_blank\">Amazon Prime \u2605<\/a><\/li>\n\t\t\t\t<li class=\"brlink\"><a href=\"https:\/\/cinepop.com.br\/\" target=\"_blank\">Cine Pop<\/a><\/li>\n\t\t\t\t<li class=\"brlink\"><a href=\"https:\/\/www.facebook.com\/cineromeuoficial\" target=\"_blank\">Cine Romeu<\/a><\/li>\n\t\t\t\t<li class=\"brlink\"><a href=\"https:\/\/classindportal.mj.gov.br\/consulta-filmes\" target=\"_blank\">Classifica\u00e7\u00e3o<\/a><\/li>\n\t\t\t\t<li class=\"brlink\"><a href=\"https:\/\/www.disneyplus.com\/pt-br\" target=\"_blank\">Disney+<\/a><\/li>\n\t\t\t\t<li class=\"brlink\"><a href=\"https:\/\/play.google.com\/store\/movies\" target=\"_blank\">Google Play Filmes<\/a><\/li>\n\t\t\t\t<li class=\"brlink\"><a href=\"https:\/\/www.hbomax.com\/br\/pt\" target=\"_blank\">HBO Max<\/a><\/li>\n\t\t\t\t<li class=\"brlink\"><a href=\"https:\/\/www.looke.com.br\/\" target=\"_blank\">Looke<\/a><\/li>\n\t\t\t\t<li class=\"brlink\"><a href=\"https:\/\/play.mercadolivre.com.br\/\" target=\"_blank\">Mercado Play<\/a><\/li>\n\t\t\t\t<li class=\"brlink\"><a href=\"https:\/\/www.netflix.com\/br\/\" target=\"_blank\">Netflix<\/a><\/li>\n\t\t\t\t<li class=\"brlink\"><a href=\"https:\/\/www.primevideo.com\/\" target=\"_blank\">Prime Video<\/a><\/li>\n\t\t\t\t<li class=\"brlink\"><a href=\"https:\/\/www.sky.com.br\/\" target=\"_blank\">SKY<\/a><\/li>\n\t\t\t\t<li class=\"brlink\"><a href=\"https:\/\/www.starplus.com\/pt-br\" target=\"_blank\">Star+<\/a><\/li>\n\t\t\t\t<li class=\"brlink\"><a href=\"https:\/\/www.telecine.com.br\/\" target=\"_blank\">Telecine Play<\/a><\/li>\n\r\n\t\t\t<\/ul>\r\n\t\t\t<\/div>\r\n\t\t<\/div>\r\n\r\n\t\t<div class=\"linkcat\">\r\n\t\t\t<h2 class=\"linkcattitle\">M\u00fasica<\/h2>\r\n\t\t\t<div id=\"catid87\">\r\n\t\t\t<ul class=\"xoxo blogroll\">\r\n\t\t\t\t<li class=\"brlink\"><a href=\"https:\/\/music.amazon.com.br\/\" target=\"_blank\">Amazon Music<\/a><\/li>\n\t\t\t\t<li class=\"brlink\"><a href=\"https:\/\/www.deezer.com\/br\/\" target=\"_blank\">Deezer<\/a><\/li>\n\t\t\t\t<li class=\"brlink\"><a href=\"https:\/\/www.cifraclub.com.br\/\" target=\"_blank\">M\u00fasica \u00b7 Cifras<\/a><\/li>\n\t\t\t\t<li class=\"brlink\"><a href=\"https:\/\/www.letras.mus.br\/\" target=\"_blank\">M\u00fasica \u00b7 Letras<\/a><\/li>\n\t\t\t\t<li class=\"brlink\"><a href=\"https:\/\/www.czs.com.br\/atalhos\/radios\/\" target=\"_blank\">R\u00e1dios<\/a><\/li>\n\t\t\t\t<li class=\"brlink\"><a href=\"https:\/\/www.spotify.com\/br\/\" target=\"_blank\">Spotify<\/a><\/li>\n\t\t\t\t<li class=\"brlink\"><a href=\"https:\/\/tunein.com\/radio\/music\/\" target=\"_blank\">Tune In<\/a><\/li>\n\t\t\t\t<li class=\"brlink\"><a href=\"https:\/\/czs.com.br\/videoke\/\" target=\"_blank\">Videok\u00ea CZS<\/a><\/li>\n\t\t\t\t<li class=\"brlink\"><a href=\"https:\/\/music.youtube.com\/\" target=\"_blank\">YouTube Music<\/a><\/li>\n\r\n\t\t\t<\/ul>\r\n\t\t\t<\/div>\r\n\t\t<\/div>\r\n\r\n\r\n\t\t<!-- end[WP Render Blogroll Links 2.1.8] -->\r\n\t\t<!-- start[WP Render Blogroll Links 2.1.8] -->\r\n\r\n\t\t<div class=\"linkcat\">\r\n\t\t\t<h2 class=\"linkcattitle\">Elei\u00e7\u00f5es<\/h2>\r\n\t\t\t<div id=\"catid42\">\r\n\t\t\t<ul class=\"xoxo blogroll\">\r\n\t\t\t\t<li class=\"brlink\"><a href=\"https:\/\/divulgacandcontas.tse.jus.br\/divulga\/#\/home\" target=\"_blank\">Candidatos<\/a><\/li>\n\t\t\t\t<li class=\"brlink\"><a href=\"https:\/\/www.tse.jus.br\/servicos-eleitorais\/autoatendimento-eleitoral#\/atendimento-eleitor\" target=\"_blank\">Local de Vota\u00e7\u00e3o<\/a><\/li>\n\t\t\t\t<li class=\"brlink\"><a href=\"https:\/\/resultados.tse.jus.br\/\" target=\"_blank\">Resultados<\/a><\/li>\n\t\t\t\t<li class=\"brlink\"><a href=\"https:\/\/www.tse.jus.br\/\" target=\"_blank\">TSE<\/a><\/li>\n\r\n\t\t\t<\/ul>\r\n\t\t\t<\/div>\r\n\t\t<\/div>\r\n\r\n\r\n\t\t<!-- end[WP Render Blogroll Links 2.1.8] --><\/div>\n<\/div>\n","protected":false},"excerpt":{"rendered":"","protected":false},"author":1,"featured_media":0,"parent":0,"menu_order":4,"comment_status":"closed","ping_status":"closed","template":"","meta":{"footnotes":""},"class_list":["post-13","page","type-page","status-publish","hentry"],"_links":{"self":[{"href":"https:\/\/www.czs.com.br\/atalhos\/wp-json\/wp\/v2\/pages\/13","targetHints":{"allow":["GET"]}}],"collection":[{"href":"https:\/\/www.czs.com.br\/atalhos\/wp-json\/wp\/v2\/pages"}],"about":[{"href":"https:\/\/www.czs.com.br\/atalhos\/wp-json\/wp\/v2\/types\/page"}],"author":[{"embeddable":true,"href":"https:\/\/www.czs.com.br\/atalhos\/wp-json\/wp\/v2\/users\/1"}],"replies":[{"embeddable":true,"href":"https:\/\/www.czs.com.br\/atalhos\/wp-json\/wp\/v2\/comments?post=13"}],"version-history":[{"count":99,"href":"https:\/\/www.czs.com.br\/atalhos\/wp-json\/wp\/v2\/pages\/13\/revisions"}],"predecessor-version":[{"id":3806,"href":"https:\/\/www.czs.com.br\/atalhos\/wp-json\/wp\/v2\/pages\/13\/revisions\/3806"}],"wp:attachment":[{"href":"https:\/\/www.czs.com.br\/atalhos\/wp-json\/wp\/v2\/media?parent=13"}],"curies":[{"name":"wp","href":"https:\/\/api.w.org\/{rel}","templated":true}]}}