{"id":1452,"date":"2015-05-21T16:42:26","date_gmt":"2015-05-21T21:42:26","guid":{"rendered":"http:\/\/www.czs.com.br\/atalhos\/?page_id=1452"},"modified":"2024-09-03T23:13:38","modified_gmt":"2024-09-04T04:13:38","slug":"sobre","status":"publish","type":"page","link":"https:\/\/www.czs.com.br\/atalhos\/sobre","title":{"rendered":"Sobre"},"content":{"rendered":"<h2 style=\"margin-bottom: 15px;\">SOBRE O SITE<\/h2>\n<p><strong>ATALHOS.NET<\/strong> \u00e9 um site que cont\u00e9m links para os sites mais acessados no mundo inteiro.<\/p>\n<p>\u00c9 utilizado, atualmente, por mais de 5 mil pessoas, no Brasil e no exterior, como a primeira p\u00e1gina de acesso \u00e0 Internet, alcan\u00e7ando uma m\u00e9dia de <strong><a href=\"https:\/\/www.czs.com.br\/atalhos\/arquivos\/atalhos-estatistica.pdf\" target=\"_blank\" rel=\"noopener noreferrer\">300 mil visualiza\u00e7\u00f5es de p\u00e1gina<\/a><\/strong> por m\u00eas.<\/p>\n<p>Foi idealizado, inicialmente para uso particular, com o objetivo de agilizar o acesso aos sites mais utilizados em meu local de trabalho.<\/p>\n<p>A primeira vers\u00e3o foi desenvolvida em uma \u00fanica p\u00e1gina, de design bem simples (<strong><a href=\"https:\/\/www.czs.com.br\/atalhos\/arquivos\/Links.jpg\" target=\"_blank\" rel=\"noopener noreferrer\">ver imagem<\/a><\/strong>).<\/p>\n<p>Os colegas de trabalho aprovaram a ideia e pediram para acessar a p\u00e1gina de outros lugares. Assim, a referida p\u00e1gina foi adicionada ao site de Cruzeiro do Sul (tamb\u00e9m de minha propriedade) com o t\u00edtulo &#8220;links&#8221; (<a href=\"https:\/\/www.czs.com.br\/links.htm\" rel=\"noopener noreferrer\" target=\"_blank\">https:\/\/www.czs.com.br\/links.htm<\/a>).<\/p>\n<p>Devido a dificuldade de algumas pessoas em compreender e digitar esse endere\u00e7o, o nome &#8220;links&#8221; foi substitu\u00eddo por &#8220;atalhos&#8221; (<a href=\"https:\/\/www.czs.com.br\/atalhos.htm\" rel=\"noopener noreferrer\" target=\"_blank\">https:\/\/www.czs.com.br\/atalhos.htm<\/a>).<\/p>\n<p>Mesmo assim, o endere\u00e7o ainda estava um pouco extenso para divulga\u00e7\u00e3o.<br \/>\nEnt\u00e3o, em 20\/01\/2010, foi criado o dom\u00ednio &#8220;soatalhos.com&#8221; e, em 03\/10\/2013, o &#8220;atalhos.net&#8221;.<\/p>\n<p>Isso \u00e9 tudo&#8230; por enquanto.<br \/>\nObrigado pela visita e volte sempre!<\/p>\n<p>Jos\u00e9 Maria Maciel de Lima<\/p>\n<hr \/>\n<p><a href=\"https:\/\/www.czs.com.br\/atalhos\/contato\">CONTATO<\/a> \u00b7 <a href=\"https:\/\/www.czs.com.br\/atalhos\/publicidade\">PUBLICIDADE<\/a> \u00b7 <a href=\"https:\/\/www.czs.com.br\/atalhos\/sobre\">SOBRE<\/a><\/p>\n","protected":false},"excerpt":{"rendered":"<p>SOBRE O SITE ATALHOS.NET \u00e9 um site que cont\u00e9m links para os sites mais acessados no mundo inteiro. \u00c9 utilizado, atualmente, por mais de 5 mil pessoas, no Brasil e no exterior, como a primeira p\u00e1gina de acesso \u00e0 Internet, alcan\u00e7ando uma m\u00e9dia de 300 mil visualiza\u00e7\u00f5es de p\u00e1gina por m\u00eas. Foi idealizado, inicialmente para [&hellip;]<\/p>\n","protected":false},"author":1,"featured_media":0,"parent":0,"menu_order":0,"comment_status":"closed","ping_status":"closed","template":"","meta":{"footnotes":""},"class_list":["post-1452","page","type-page","status-publish","hentry"],"_links":{"self":[{"href":"https:\/\/www.czs.com.br\/atalhos\/wp-json\/wp\/v2\/pages\/1452","targetHints":{"allow":["GET"]}}],"collection":[{"href":"https:\/\/www.czs.com.br\/atalhos\/wp-json\/wp\/v2\/pages"}],"about":[{"href":"https:\/\/www.czs.com.br\/atalhos\/wp-json\/wp\/v2\/types\/page"}],"author":[{"embeddable":true,"href":"https:\/\/www.czs.com.br\/atalhos\/wp-json\/wp\/v2\/users\/1"}],"replies":[{"embeddable":true,"href":"https:\/\/www.czs.com.br\/atalhos\/wp-json\/wp\/v2\/comments?post=1452"}],"version-history":[{"count":21,"href":"https:\/\/www.czs.com.br\/atalhos\/wp-json\/wp\/v2\/pages\/1452\/revisions"}],"predecessor-version":[{"id":3901,"href":"https:\/\/www.czs.com.br\/atalhos\/wp-json\/wp\/v2\/pages\/1452\/revisions\/3901"}],"wp:attachment":[{"href":"https:\/\/www.czs.com.br\/atalhos\/wp-json\/wp\/v2\/media?parent=1452"}],"curies":[{"name":"wp","href":"https:\/\/api.w.org\/{rel}","templated":true}]}}