{"id":1456,"date":"2015-05-21T16:46:17","date_gmt":"2015-05-21T21:46:17","guid":{"rendered":"http:\/\/www.czs.com.br\/atalhos\/?page_id=1456"},"modified":"2025-06-22T13:57:19","modified_gmt":"2025-06-22T18:57:19","slug":"publicidade","status":"publish","type":"page","link":"https:\/\/www.czs.com.br\/atalhos\/publicidade","title":{"rendered":"Publicidade"},"content":{"rendered":"<h2 style=\"margin-bottom: 15px;\">PUBLICIDADE<\/h2>\n<h3>AN\u00daNCIO NO CABE\u00c7ALHO<\/h3>\n<p>Mensal: R$ 100,00<br \/>\nAnual: R$ 960,00<\/p>\n<h3>AN\u00daNCIO NA LATERAL<\/h3>\n<p>Mensal: R$ 100,00<br \/>\nAnual: R$ 960,00<\/p>\n<h3>AN\u00daNCIO NO RODAP\u00c9<\/h3>\n<p>Mensal: R$ 50,00<br \/>\nAnual: R$ 480,00<\/p>\n<h3>REGISTRO DE DOM\u00cdNIO<\/h3>\n<p>Endere\u00e7o Personalizado<br \/>\n(www.nomedaempresa.com.br)<br \/>\n+ An\u00fancio Completo no Guia CZS<br \/>\nAnual: R$ 100,00<\/p>\n<hr \/>\n<p><a href=\"https:\/\/www.czs.com.br\/atalhos\/contato\">CONTATO<\/a> \u00b7 <a href=\"https:\/\/www.czs.com.br\/atalhos\/publicidade\">PUBLICIDADE<\/a> \u00b7 <a href=\"https:\/\/www.czs.com.br\/atalhos\/sobre\">SOBRE<\/a><\/p>\n","protected":false},"excerpt":{"rendered":"<p>PUBLICIDADE AN\u00daNCIO NO CABE\u00c7ALHO Mensal: R$ 100,00 Anual: R$ 960,00 AN\u00daNCIO NA LATERAL Mensal: R$ 100,00 Anual: R$ 960,00 AN\u00daNCIO NO RODAP\u00c9 Mensal: R$ 50,00 Anual: R$ 480,00 REGISTRO DE DOM\u00cdNIO Endere\u00e7o Personalizado (www.nomedaempresa.com.br) + An\u00fancio Completo no Guia CZS Anual: R$ 100,00 CONTATO \u00b7 PUBLICIDADE \u00b7 SOBRE<\/p>\n","protected":false},"author":1,"featured_media":0,"parent":0,"menu_order":0,"comment_status":"closed","ping_status":"closed","template":"","meta":{"footnotes":""},"class_list":["post-1456","page","type-page","status-publish","hentry"],"_links":{"self":[{"href":"https:\/\/www.czs.com.br\/atalhos\/wp-json\/wp\/v2\/pages\/1456","targetHints":{"allow":["GET"]}}],"collection":[{"href":"https:\/\/www.czs.com.br\/atalhos\/wp-json\/wp\/v2\/pages"}],"about":[{"href":"https:\/\/www.czs.com.br\/atalhos\/wp-json\/wp\/v2\/types\/page"}],"author":[{"embeddable":true,"href":"https:\/\/www.czs.com.br\/atalhos\/wp-json\/wp\/v2\/users\/1"}],"replies":[{"embeddable":true,"href":"https:\/\/www.czs.com.br\/atalhos\/wp-json\/wp\/v2\/comments?post=1456"}],"version-history":[{"count":76,"href":"https:\/\/www.czs.com.br\/atalhos\/wp-json\/wp\/v2\/pages\/1456\/revisions"}],"predecessor-version":[{"id":4009,"href":"https:\/\/www.czs.com.br\/atalhos\/wp-json\/wp\/v2\/pages\/1456\/revisions\/4009"}],"wp:attachment":[{"href":"https:\/\/www.czs.com.br\/atalhos\/wp-json\/wp\/v2\/media?parent=1456"}],"curies":[{"name":"wp","href":"https:\/\/api.w.org\/{rel}","templated":true}]}}