{"id":276,"date":"2011-12-15T19:15:43","date_gmt":"2011-12-16T00:15:43","guid":{"rendered":"http:\/\/www.czs.com.br\/atalhos"},"modified":"2025-05-14T08:29:04","modified_gmt":"2025-05-14T13:29:04","slug":"aviacao","status":"publish","type":"page","link":"https:\/\/www.czs.com.br\/atalhos\/aviacao","title":{"rendered":"Avia\u00e7\u00e3o"},"content":{"rendered":"<div id=\"grid\">\n<div id=\"coluna1\">\r\n\t\t<!-- start[WP Render Blogroll Links 2.1.8] -->\r\n\r\n\t\t<div class=\"linkcat\">\r\n\t\t\t<h2 class=\"linkcattitle\">Avia\u00e7\u00e3o<\/h2>\r\n\t\t\t<div id=\"catid22\">\r\n\t\t\t<ul class=\"xoxo blogroll\">\r\n\t\t\t\t<li class=\"brlink\"><a href=\"https:\/\/aeroinfo.com.br\/\" target=\"_blank\">AeroInfo<\/a><\/li>\n\t\t\t\t<li class=\"brlink\"><a href=\"https:\/\/www.czs.com.br\/ais\/sbcz\/\" target=\"_blank\">AIS SBCZ<\/a><\/li>\n\t\t\t\t<li class=\"brlink\"><a href=\"https:\/\/aisweb.decea.mil.br\/\" target=\"_blank\">AIS WEB<\/a><\/li>\n\t\t\t\t<li class=\"brlink\"><a href=\"https:\/\/www.anac.gov.br\/\" target=\"_blank\">ANAC<\/a><\/li>\n\t\t\t\t<li class=\"brlink\"><a href=\"https:\/\/sistemas.anac.gov.br\/aeronaves\/cons_rab.asp\" target=\"_blank\">ANAC \u00b7 Aeronaves<\/a><\/li>\n\t\t\t\t<li class=\"brlink\"><a href=\"https:\/\/sistemas.anac.gov.br\/consultadelicencas\/\" target=\"_blank\">ANAC \u00b7 Licen\u00e7as<\/a><\/li>\n\t\t\t\t<li class=\"brlink\"><a href=\"https:\/\/sistemas.anac.gov.br\/nadaconsta\/\" target=\"_blank\">ANAC \u00b7 Nada Consta<\/a><\/li>\n\t\t\t\t<li class=\"brlink\"><a href=\"https:\/\/www.anac.gov.br\/assuntos\/legislacao\/legislacao-1\/portarias\/\" target=\"_blank\">ANAC \u00b7 Portarias<\/a><\/li>\n\t\t\t\t<li class=\"brlink\"><a href=\"https:\/\/sistemas.anac.gov.br\/SACI\/Login.asp\" target=\"_blank\">ANAC \u00b7 SACI<\/a><\/li>\n\t\t\t\t<li class=\"brlink\"><a href=\"https:\/\/sistemas.anac.gov.br\/voeseguro\/\" target=\"_blank\">ANAC \u00b7 T\u00e1xi A\u00e9reo<\/a><\/li>\n\t\t\t\t<li class=\"brlink\"><a href=\"https:\/\/www2.anac.gov.br\/anacpedia\/\" target=\"_blank\">ANACp\u00e9dia<\/a><\/li>\n\t\t\t\t<li class=\"brlink\"><a href=\"https:\/\/aviationweather.gov\/data\/metar\/?id=SBCZ&#038;hours=24&#038;include_taf=yes\" target=\"_blank\">Aviation Weather<\/a><\/li>\n\t\t\t\t<li class=\"brlink\"><a href=\"https:\/\/portal.cgna.decea.mil.br\/\" target=\"_blank\">CGNA<\/a><\/li>\n\t\t\t\t<li class=\"brlink\"><a href=\"http:\/\/satelite.cptec.inpe.br\/\" target=\"_blank\">CPTEC<\/a><\/li>\n\t\t\t\t<li class=\"brlink\"><a href=\"https:\/\/www2023.icao.int\/publications\/DOC8643\/Pages\/Search.aspx\" target=\"_blank\">DOC 8643<\/a><\/li>\n\t\t\t\t<li class=\"brlink\"><a href=\"http:\/\/www.inpe.br\/webelat\/homepage\/\" target=\"_blank\">ELAT \/ INPE<\/a><\/li>\n\t\t\t\t<li class=\"brlink\"><a href=\"https:\/\/eplis.icea.decea.mil.br\/\" target=\"_blank\">EPLIS<\/a><\/li>\n\t\t\t\t<li class=\"brlink\"><a href=\"http:\/\/www.extraer.com.br\/\" target=\"_blank\">Extraer<\/a><\/li>\n\t\t\t\t<li class=\"brlink\"><a href=\"https:\/\/www.flightradar24.com\/-8.52,-72.48\/7\" target=\"_blank\">Flight Radar<\/a><\/li>\n\t\t\t\t<li class=\"brlink\"><a href=\"http:\/\/sigma.cptec.inpe.br\/fortracc\/\" target=\"_blank\">FORTRACC<\/a><\/li>\n\t\t\t\t<li class=\"brlink\"><a href=\"https:\/\/www.decea.mil.br\/index.cfm?i=utilidades&#038;p=glossario\" target=\"_blank\">Gloss\u00e1rio DECEA<\/a><\/li>\n\t\t\t\t<li class=\"brlink\"><a href=\"https:\/\/lpna.decea.mil.br\/\" target=\"_blank\">LPNA<\/a><\/li>\n\t\t\t\t<li class=\"brlink\"><a href=\"https:\/\/metar-taf.com\/metar\/SBCZ\" target=\"_blank\">METAR-TAF<\/a><\/li>\n\t\t\t\t<li class=\"brlink\"><a href=\"http:\/\/www.czs.com.br\/meteorologia\/\" target=\"_blank\">Meteorologia CZS<\/a><\/li>\n\t\t\t\t<li class=\"brlink\"><a href=\"http:\/\/www.planodevoo.net\/\" target=\"_blank\">Plano de Voo .net<\/a><\/li>\n\t\t\t\t<li class=\"brlink\"><a href=\"https:\/\/sigma.decea.mil.br\/plni\/\" target=\"_blank\">Plano de Voo (SIGMA)<\/a><\/li>\n\t\t\t\t<li class=\"brlink\"><a href=\"https:\/\/publicacoes.decea.mil.br\/\" target=\"_blank\">Publica\u00e7\u00f5es DECEA<\/a><\/li>\n\t\t\t\t<li class=\"brlink\"><a href=\"https:\/\/redemet.decea.mil.br\/\" target=\"_blank\">REDEMET<\/a><\/li>\n\t\t\t\t<li class=\"brlink\"><a href=\"https:\/\/servicos.decea.mil.br\/reliv\/\" target=\"_blank\">Relat\u00f3rios do GEIV<\/a><\/li>\n\t\t\t\t<li class=\"brlink\"><a href=\"https:\/\/www.decea.mil.br\/?i=paginas&#038;p=relprev\" target=\"_blank\">RELPREV DECEA<\/a><\/li>\n\t\t\t\t<li class=\"brlink\"><a href=\"https:\/\/sdia.decea.mil.br\/\" target=\"_blank\">SDIA<\/a><\/li>\n\t\t\t\t<li class=\"brlink\"><a href=\"https:\/\/servicos.decea.mil.br\/sgpo\/gerencial\/index.cfm\" target=\"_blank\">SGPO<\/a><\/li>\n\t\t\t\t<li class=\"brlink\"><a href=\"https:\/\/servicos.dpf.gov.br\/siscaer-publico-web\/#\/cadastro\" target=\"_blank\">SISCAER<\/a><\/li>\n\t\t\t\t<li class=\"brlink\"><a href=\"https:\/\/skyvector.com\/\" target=\"_blank\">SkyVector<\/a><\/li>\n\t\t\t\t<li class=\"brlink\"><a href=\"http:\/\/tarifas.decea.mil.br\/\" target=\"_blank\">Tarifas DECEA<\/a><\/li>\n\t\t\t\t<li class=\"brlink\"><a href=\"https:\/\/www2023.icao.int\/publications\/DOC8643\/Pages\/default.aspx\" target=\"_blank\">Tipos de Aeronaves<\/a><\/li>\n\t\t\t\t<li class=\"brlink\"><a href=\"https:\/\/www.windy.com\/airport\/SBCZ?satellite,-7.605,-72.768,8,p:metars\" target=\"_blank\">Windy<\/a><\/li>\n\t\t\t\t<li class=\"brlink\"><a href=\"https:\/\/www.wunderground.com\/wundermap\" target=\"_blank\">WunderMap<\/a><\/li>\n\r\n\t\t\t<\/ul>\r\n\t\t\t<\/div>\r\n\t\t<\/div>\r\n\r\n\r\n\t\t<!-- end[WP Render Blogroll Links 2.1.8] --><\/div>\n<div id=\"coluna2\">\r\n\t\t<!-- start[WP Render Blogroll Links 2.1.8] -->\r\n\r\n\t\t<div class=\"linkcat\">\r\n\t\t\t<h2 class=\"linkcattitle\">Infraero<\/h2>\r\n\t\t\t<div id=\"catid49\">\r\n\t\t\t<ul class=\"xoxo blogroll\">\r\n\t\t\t\t<li class=\"brlink\"><a href=\"https:\/\/infraerogovbr.sharepoint.com\/teams\/Infranet2\/SitePages\/Sistemas%20da%20Infraero.aspx\" target=\"_blank\">Acesso R\u00e1pido<\/a><\/li>\n\t\t\t\t<li class=\"brlink\"><a href=\"https:\/\/infraerogovbr.sharepoint.com\/teams\/Infranet2\/BibliotecaIdVisual\/Forms\/AllItems.aspx\" target=\"_blank\">Assinatura<\/a><\/li>\n\t\t\t\t<li class=\"brlink\"><a href=\"https:\/\/www.benevix.com.br\/\" target=\"_blank\">Benevix<\/a><\/li>\n\t\t\t\t<li class=\"brlink\"><a href=\"https:\/\/csi.infraero.gov.br\/citsmart\/webmvc\/login\" target=\"_blank\">CSI<\/a><\/li>\n\t\t\t\t<li class=\"brlink\"><a href=\"https:\/\/outlook.office.com\/mail\/\" target=\"_blank\">E-mail \u00b7 Outlook<\/a><\/li>\n\t\t\t\t<li class=\"brlink\"><a href=\"https:\/\/web.yammer.com\/main\/feed\" target=\"_blank\">Infrabook<\/a><\/li>\n\t\t\t\t<li class=\"brlink\"><a href=\"https:\/\/web.yammer.com\/main\/topics\/eyJfdHlwZSI6IlRvcGljIiwiaWQiOiIyMDU1NzYxMiJ9\/all\" target=\"_blank\">Infrabook &#8211; CZS<\/a><\/li>\n\t\t\t\t<li class=\"brlink\"><a href=\"http:\/\/www.infraero.gov.br\/\" target=\"_blank\">Infraero<\/a><\/li>\n\t\t\t\t<li class=\"brlink\"><a href=\"https:\/\/infraerogovbr.sharepoint.com\/teams\/Infranet2\" target=\"_blank\">Infranet<\/a><\/li>\n\t\t\t\t<li class=\"brlink\"><a href=\"https:\/\/www.infraprev.org.br\/\" target=\"_blank\">Infraprev<\/a><\/li>\n\t\t\t\t<li class=\"brlink\"><a href=\"https:\/\/www.infraprev.org.br\/cdv\/\" target=\"_blank\">Infraprev \u00b7 Clube<\/a><\/li>\n\t\t\t\t<li class=\"brlink\"><a href=\"https:\/\/www.fastshop.com.br\/\" target=\"_blank\">Infraprev \u00b7 Fastshop<\/a><\/li>\n\t\t\t\t<li class=\"brlink\"><a href=\"http:\/\/www.netshoes.com.br\/especial\/infraprev?campaign=c*b2b_p*infraprev&#038;utm_source=b2b_infraprev&#038;utm_medium=ofe_&#038;utm_campaign=b2b_infraprev_u__n-_-10psite-_-produtos-_-______020914\" target=\"_blank\">Infraprev \u00b7 Netshoes<\/a><\/li>\n\t\t\t\t<li class=\"brlink\"><a href=\"https:\/\/www.inpao.com.br\/portal\/Beneficiario\/Index\" target=\"_blank\">INPAO Dental<\/a><\/li>\n\t\t\t\t<li class=\"brlink\"><a href=\"http:\/\/www.linkbeneficios.com.br\/Intranet\/Login\" target=\"_blank\">Link Benef\u00edcios<\/a><\/li>\n\t\t\t\t<li class=\"brlink\"><a href=\"https:\/\/infraerogovbr.sharepoint.com\/teams\/GESTAODEPROCESSOS\/MPP\/Forms\/AllItems.aspx\" target=\"_blank\">Manuais (MPP)<\/a><\/li>\n\t\t\t\t<li class=\"brlink\"><a href=\"https:\/\/delve.office.com\/\" target=\"_blank\">Perfil Corporativo<\/a><\/li>\n\t\t\t\t<li class=\"brlink\"><a href=\"https:\/\/www.supplymanager.com.br\/manager\/Login\/Index?ReturnUrl=%2Fmanager\" target=\"_blank\">Portal de Compras<\/a><\/li>\n\t\t\t\t<li class=\"brlink\"><a href=\"https:\/\/infraerogovbr.sharepoint.com\/sites\/portalso\/tacz\/SitePages\/P%C3%A1ginaInicial.aspx\" target=\"_blank\">Portal SO \u00b7 TACZ<\/a><\/li>\n\t\t\t\t<li class=\"brlink\"><a href=\"https:\/\/rh.infraero.gov.br\/\" target=\"_blank\">RH Infraero<\/a><\/li>\n\t\t\t\t<li class=\"brlink\"><a href=\"https:\/\/web.yammer.com\/main\/users\/eyJfdHlwZSI6IlVzZXIiLCJpZCI6IjE2MzY1MTc1OTcifQ\" target=\"_blank\">Sem Escalas (novo)<\/a><\/li>\n\t\t\t\t<li class=\"brlink\"><a href=\"http:\/\/navaer.infraero.gov.br\/setadta\/\" target=\"_blank\">SETA DTA<\/a><\/li>\n\t\t\t\t<li class=\"brlink\"><a href=\"http:\/\/sinasindicato.org\/\" target=\"_blank\">SINA<\/a><\/li>\n\t\t\t\t<li class=\"brlink\"><a href=\"https:\/\/dfweb.infraero.gov.br\/\" target=\"_blank\">Tarifas Infraero<\/a><\/li>\n\t\t\t\t<li class=\"brlink\"><a href=\"https:\/\/infraerogovbr.sharepoint.com\/teams\/TVSO\" target=\"_blank\">TVSO<\/a><\/li>\n\t\t\t\t<li class=\"brlink\"><a href=\"http:\/\/www.portaleducacao.com.br\/ucv\/infraero\" target=\"_blank\">Universidade Corporativa<\/a><\/li>\n\r\n\t\t\t<\/ul>\r\n\t\t\t<\/div>\r\n\t\t<\/div>\r\n\r\n\r\n\t\t<!-- end[WP Render Blogroll Links 2.1.8] -->\r\n\t\t<!-- start[WP Render Blogroll Links 2.1.8] -->\r\n\r\n\t\t<div class=\"linkcat\">\r\n\t\t\t<h2 class=\"linkcattitle\">Empresas A\u00e9reas<\/h2>\r\n\t\t\t<div id=\"catid9\">\r\n\t\t\t<ul class=\"xoxo blogroll\">\r\n\t\t\t\t<li class=\"brlink\"><a href=\"https:\/\/www.avianca.com\/pt\/\" target=\"_blank\">Avianca<\/a><\/li>\n\t\t\t\t<li class=\"brlink\"><a href=\"https:\/\/www.voeazul.com.br\/\" target=\"_blank\">AZUL<\/a><\/li>\n\t\t\t\t<li class=\"brlink\"><a href=\"https:\/\/www.voegol.com.br\/\" target=\"_blank\">GOL<\/a><\/li>\n\t\t\t\t<li class=\"brlink\"><a href=\"https:\/\/www.latam.com\/pt_br\/\" target=\"_blank\">LATAM<\/a><\/li>\n\t\t\t\t<li class=\"brlink\"><a href=\"http:\/\/www.voerico.com.br\/\" target=\"_blank\">RICO<\/a><\/li>\n\t\t\t\t<li class=\"brlink\"><a href=\"https:\/\/www.voetrip.com.br\/\" target=\"_blank\">TRIP<\/a><\/li>\n\r\n\t\t\t<\/ul>\r\n\t\t\t<\/div>\r\n\t\t<\/div>\r\n\r\n\r\n\t\t<!-- end[WP Render Blogroll Links 2.1.8] --><\/div>\n<div id=\"coluna3\">\r\n\t\t<!-- start[WP Render Blogroll Links 2.1.8] -->\r\n\r\n\t\t<div class=\"linkcat\">\r\n\t\t\t<h2 class=\"linkcattitle\">Infranet<\/h2>\r\n\t\t\t<div id=\"catid29\">\r\n\t\t\t<ul class=\"xoxo blogroll\">\r\n\t\t\t\t<li class=\"brlink\"><a href=\"https:\/\/infraerogovbr.sharepoint.com\/teams\/Infranet2\/SitePages\/Sistemas%20da%20Infraero.aspx\" target=\"_blank\">Acesso R\u00e1pido<\/a><\/li>\n\t\t\t\t<li class=\"brlink\"><a href=\"https:\/\/infraerogovbr.sharepoint.com\/teams\/Infranet2\/BibliotecaIdVisual\/Forms\/AllItems.aspx\" target=\"_blank\">Assinatura<\/a><\/li>\n\t\t\t\t<li class=\"brlink\"><a href=\"http:\/\/www.infranet.gov.br\/cea\/principal.php\" target=\"_blank\">CAC<\/a><\/li>\n\t\t\t\t<li class=\"brlink\"><a href=\"http:\/\/www.infranet.gov.br\/cea\/principal.php\" target=\"_blank\">CAC-RH<\/a><\/li>\n\t\t\t\t<li class=\"brlink\"><a href=\"http:\/\/www.infranet.gov.br\/catalogotelefonico\/\" target=\"_blank\">Cat\u00e1logo Telef\u00f4nico<\/a><\/li>\n\t\t\t\t<li class=\"brlink\"><a href=\"ftp:\/\/integracao.infranet.gov.br\/integracao\/Publico\/PR\/\" target=\"_blank\">Diret\u00f3rio Integra\u00e7\u00e3o<\/a><\/li>\n\t\t\t\t<li class=\"brlink\"><a href=\"ftp:\/\/integracao.infranet.gov.br\/integracao\/Publico\/DA\/DAAG\/DAAG\/FORMUL%C1RIOS.NORMAS\/\" target=\"_blank\">Formul\u00e1rios<\/a><\/li>\n\t\t\t\t<li class=\"brlink\"><a href=\"http:\/\/www.infranet.gov.br\/infradocweb\/\" target=\"_blank\">Infradoc<\/a><\/li>\n\t\t\t\t<li class=\"brlink\"><a href=\"https:\/\/infraerogovbr.sharepoint.com\/teams\/Infranet2\" target=\"_blank\">Infranet<\/a><\/li>\n\t\t\t\t<li class=\"brlink\"><a href=\"https:\/\/infraerogovbr.sharepoint.com\/teams\/GESTAODEPROCESSOS\/MPP\/Forms\/AllItems.aspx\" target=\"_blank\">Manuais (MPP)<\/a><\/li>\n\t\t\t\t<li class=\"brlink\"><a href=\"https:\/\/infraerogovbr.sharepoint.com\/teams\/sistemanormativo\" target=\"_blank\">Normas e Manuais<\/a><\/li>\n\t\t\t\t<li class=\"brlink\"><a href=\"http:\/\/aplicacoes1.infranet.gov.br\/ntb_prod\/\" target=\"_blank\">NTB Infraero<\/a><\/li>\n\t\t\t\t<li class=\"brlink\"><a href=\"https:\/\/infraerogovbr.sharepoint.com\/sites\/portalso\/tacz\/SitePages\/P%C3%A1ginaInicial.aspx\" target=\"_blank\">Portal SO \u00b7 TACZ<\/a><\/li>\n\t\t\t\t<li class=\"brlink\"><a href=\"http:\/\/www.infranet.gov.br\/rai\/\" target=\"_blank\">Relat\u00f3rio de Internet<\/a><\/li>\n\t\t\t\t<li class=\"brlink\"><a href=\"https:\/\/rh.infraero.gov.br\/\" target=\"_blank\">RH Infraero<\/a><\/li>\n\t\t\t\t<li class=\"brlink\"><a href=\"http:\/\/semescalas.infranet.gov.br\/semescalas\/\" target=\"_blank\">Sem Escalas (antigo)<\/a><\/li>\n\t\t\t\t<li class=\"brlink\"><a href=\"http:\/\/sgtai-amhs.infraero.gov.br\/terminals\/cz_epta\/mboxpanel\" target=\"_blank\">SGTAI-AMHS<\/a><\/li>\n\t\t\t\t<li class=\"brlink\"><a href=\"https:\/\/sigadoc.infraero.gov.br\/siga\" target=\"_blank\">SIGA-Doc<\/a><\/li>\n\t\t\t\t<li class=\"brlink\"><a href=\"http:\/\/aplicativo.infranet.gov.br\/smartstream\/\" target=\"_blank\">Smartstream<\/a><\/li>\n\r\n\t\t\t<\/ul>\r\n\t\t\t<\/div>\r\n\t\t<\/div>\r\n\r\n\r\n\t\t<!-- end[WP Render Blogroll Links 2.1.8] -->\r\n\t\t<!-- start[WP Render Blogroll Links 2.1.8] -->\r\n\r\n\t\t<div class=\"linkcat\">\r\n\t\t\t<h2 class=\"linkcattitle\">Passagens<\/h2>\r\n\t\t\t<div id=\"catid50\">\r\n\t\t\t<ul class=\"xoxo blogroll\">\r\n\t\t\t\t<li class=\"brlink\"><a href=\"https:\/\/123milhas.com\/\" target=\"_blank\">123 Milhas<\/a><\/li>\n\t\t\t\t<li class=\"brlink\"><a href=\"https:\/\/www.cvc.com.br\/passagens-aereas\" target=\"_blank\">CVC<\/a><\/li>\n\t\t\t\t<li class=\"brlink\"><a href=\"https:\/\/www.decolar.com\/passagens-aereas\/\" target=\"_blank\">Decolar.com<\/a><\/li>\n\t\t\t\t<li class=\"brlink\"><a href=\"https:\/\/www.google.com\/flights\" target=\"_blank\">Google Voos<\/a><\/li>\n\t\t\t\t<li class=\"brlink\"><a href=\"https:\/\/www.kayak.com.br\/\" target=\"_blank\">Kayak<\/a><\/li>\n\t\t\t\t<li class=\"brlink\"><a href=\"https:\/\/www.maxmilhas.com.br\/\" target=\"_blank\">Max Milhas<\/a><\/li>\n\t\t\t\t<li class=\"brlink\"><a href=\"http:\/\/www.mundi.com.br\/\" target=\"_blank\">Mundi<\/a><\/li>\n\t\t\t\t<li class=\"brlink\"><a href=\"https:\/\/www.smiles.com.br\/\" target=\"_blank\">Smiles<\/a><\/li>\n\t\t\t\t<li class=\"brlink\"><a href=\"https:\/\/www.submarinoviagens.com.br\/\" target=\"_blank\">Submarino<\/a><\/li>\n\r\n\t\t\t<\/ul>\r\n\t\t\t<\/div>\r\n\t\t<\/div>\r\n\r\n\r\n\t\t<!-- end[WP Render Blogroll Links 2.1.8] --><\/div>\n<div id=\"coluna4\">\r\n\t\t<!-- start[WP Render Blogroll Links 2.1.8] -->\r\n\r\n\t\t<div class=\"linkcat\">\r\n\t\t\t<h2 class=\"linkcattitle\">NAV Brasil<\/h2>\r\n\t\t\t<div id=\"catid90\">\r\n\t\t\t<ul class=\"xoxo blogroll\">\r\n\t\t\t\t<li class=\"brlink\"><a href=\"https:\/\/navbrasilgovbr.sharepoint.com\/SitePages\/acesso-rapido.aspx\" target=\"_blank\">Acesso R\u00e1pido<\/a><\/li>\n\t\t\t\t<li class=\"brlink\"><a href=\"https:\/\/navbrasil.thscloud.com.br\/catalogo\" target=\"_blank\">Almoxarifado<\/a><\/li>\n\t\t\t\t<li class=\"brlink\"><a href=\"https:\/\/amhs.navbrasil.gov.br\" target=\"_blank\">AMHS \u00b7 NAV<\/a><\/li>\n\t\t\t\t<li class=\"brlink\"><a href=\"https:\/\/taxtechnology.deloitte.com.br\/\" target=\"_blank\">Deloitte Hub<\/a><\/li>\n\t\t\t\t<li class=\"brlink\"><a href=\"https:\/\/portal-webapp.ame.intela.deloitte.com\/dashboard\" target=\"_blank\">Deloitte Intela<\/a><\/li>\n\t\t\t\t<li class=\"brlink\"><a href=\"https:\/\/outlook.office.com\/mail\/\" target=\"_blank\">E-mail \u00b7 Outlook<\/a><\/li>\n\t\t\t\t<li class=\"brlink\"><a href=\"https:\/\/portal.econsig.com.br\/navbrasil\/empregado\/\" target=\"_blank\">eConsig \u00b7 NAV<\/a><\/li>\n\t\t\t\t<li class=\"brlink\"><a href=\"https:\/\/forms.office.com\/Pages\/DesignPagev2.aspx\" target=\"_blank\">Forms<\/a><\/li>\n\t\t\t\t<li class=\"brlink\"><a href=\"https:\/\/www.infraprev.org.br\/\" target=\"_blank\">Infraprev<\/a><\/li>\n\t\t\t\t<li class=\"brlink\"><a href=\"https:\/\/www.navbrasil.gov.br\/\" target=\"_blank\">NAV Brasil<\/a><\/li>\n\t\t\t\t<li class=\"brlink\"><a href=\"https:\/\/tn003.nimbi.com.br\/compraweb\/Dashboard.aspx\" target=\"_blank\">Nimbi<\/a><\/li>\n\t\t\t\t<li class=\"brlink\"><a href=\"https:\/\/stp.navbrasil.gov.br\/\" target=\"_blank\">Patrim\u00f4nio<\/a><\/li>\n\t\t\t\t<li class=\"brlink\"><a href=\"https:\/\/www.czs.com.br\/dncz\/\" target=\"_blank\">Patrim\u00f4nio DNCZ<\/a><\/li>\n\t\t\t\t<li class=\"brlink\"><a href=\"https:\/\/delve.office.com\/\" target=\"_blank\">Perfil Corporativo<\/a><\/li>\n\t\t\t\t<li class=\"brlink\"><a href=\"https:\/\/www.supplymanager.com.br\/manager\/Login\/Index?ReturnUrl=%2Fmanager\" target=\"_blank\">Portal de Compras<\/a><\/li>\n\t\t\t\t<li class=\"brlink\"><a href=\"https:\/\/navbrasilgovbr.sharepoint.com\/teams\/DANP\" target=\"_blank\">Portal de Normas<\/a><\/li>\n\t\t\t\t<li class=\"brlink\"><a href=\"https:\/\/navbrasilgovbr.sharepoint.com\/teams\/PortalSGQ\" target=\"_blank\">Portal SGQ<\/a><\/li>\n\t\t\t\t<li class=\"brlink\"><a href=\"https:\/\/prepostagem.correios.com.br\/\" target=\"_blank\">Pr\u00e9-Postagem<\/a><\/li>\n\t\t\t\t<li class=\"brlink\"><a href=\"https:\/\/metargeral.vercel.app\/metar_relatorio.html\" target=\"_blank\">Relat\u00f3rio MET<\/a><\/li>\n\t\t\t\t<li class=\"brlink\"><a href=\"https:\/\/www.reserve.com.br\/expense\/#\/dashboard\" target=\"_blank\">Reserve<\/a><\/li>\n\t\t\t\t<li class=\"brlink\"><a href=\"https:\/\/rh.navbrasil.gov.br\/\" target=\"_blank\">RH NAV Brasil<\/a><\/li>\n\t\t\t\t<li class=\"brlink\"><a href=\"https:\/\/sdia.decea.mil.br\/\" target=\"_blank\">SDIA<\/a><\/li>\n\t\t\t\t<li class=\"brlink\"><a href=\"https:\/\/servicos.decea.mil.br\/sgpo\/gerencial\/index.cfm\" target=\"_blank\">SGPO<\/a><\/li>\n\t\t\t\t<li class=\"brlink\"><a href=\"https:\/\/siga.navbrasil.gov.br\/siga\/\" target=\"_blank\">SIGA NAV<\/a><\/li>\n\t\t\t\t<li class=\"brlink\"><a href=\"https:\/\/apps.powerapps.com\/play\/e\/default-a083f1aa-2a65-4a4f-a4ab-4b044b304760\/a\/12ee93f7-94fe-4f17-a6a3-65d2d5cf367b?tenantId=a083f1aa-2a65-4a4f-a4ab-4b044b304760&#038;source=sharebutton&#038;sourcetime=1729275592655\" target=\"_blank\">Simulador PCS<\/a><\/li>\n\t\t\t\t<li class=\"brlink\"><a href=\"https:\/\/portal.sulamericaseguros.com.br\/\" target=\"_blank\">SulAm\u00e9rica<\/a><\/li>\n\t\t\t\t<li class=\"brlink\"><a href=\"https:\/\/nav.4biz.one\/\" target=\"_blank\">Suporte ZIVA<\/a><\/li>\n\t\t\t\t<li class=\"brlink\"><a href=\"https:\/\/teams.microsoft.com\/v2\/\" target=\"_blank\">Teams<\/a><\/li>\n\t\t\t\t<li class=\"brlink\"><a href=\"https:\/\/navbrasilgovbr.sharepoint.com\/teams\/tvso\" target=\"_blank\">TVSO<\/a><\/li>\n\t\t\t\t<li class=\"brlink\"><a href=\"https:\/\/account-manager.gympass.com\/\" target=\"_blank\">Wellhub \u00b7 Gympass<\/a><\/li>\n\r\n\t\t\t<\/ul>\r\n\t\t\t<\/div>\r\n\t\t<\/div>\r\n\r\n\r\n\t\t<!-- end[WP Render Blogroll Links 2.1.8] -->\r\n\t\t<!-- start[WP Render Blogroll Links 2.1.8] -->\r\n\r\n\t\t<div class=\"linkcat\">\r\n\t\t\t<h2 class=\"linkcattitle\">VINCI<\/h2>\r\n\t\t\t<div id=\"catid92\">\r\n\t\t\t<ul class=\"xoxo blogroll\">\r\n\t\t\t\t<li class=\"brlink\"><a href=\"https:\/\/czs.boingohotspot.net\/login\" target=\"_blank\">Boingo CZS<\/a><\/li>\n\t\t\t\t<li class=\"brlink\"><a href=\"https:\/\/forms.office.com\/e\/XB8t0JzXhk\" target=\"_blank\">Controle de Credenciamento<\/a><\/li>\n\t\t\t\t<li class=\"brlink\"><a href=\"https:\/\/drive.google.com\/drive\/folders\/1fl08O1IvM7Ue7UYhCAcWLHKW1noknK8F\" target=\"_blank\">Credenciamento<\/a><\/li>\n\t\t\t\t<li class=\"brlink\"><a href=\"https:\/\/www.e-inscricao.com\/aeroportos-amazonia\" target=\"_blank\">Cursos Online<\/a><\/li>\n\t\t\t\t<li class=\"brlink\"><a href=\"https:\/\/vincieducparceiros1747825358.twygoead.com\/play?menu_id=treinamentos\" target=\"_blank\">Educ Parceiros<\/a><\/li>\n\t\t\t\t<li class=\"brlink\"><a href=\"https:\/\/forms.office.com\/Pages\/ResponsePage.aspx?id=8B_-wLSF5E-8lzj61JW5FkMrv4uxAQtKt8RS0a7nZVRUN0NQSlNNSFQ5TTNZUVVXREExRkxPQTVVNiQlQCN0PWcu\" target=\"_blank\">RELPREV CZS<\/a><\/li>\n\t\t\t\t<li class=\"brlink\"><a href=\"https:\/\/www.vinci-airports.com.br\/\" target=\"_blank\">Vinci Airports<\/a><\/li>\n\r\n\t\t\t<\/ul>\r\n\t\t\t<\/div>\r\n\t\t<\/div>\r\n\r\n\r\n\t\t<!-- end[WP Render Blogroll Links 2.1.8] --><\/div>\n<\/div>\n","protected":false},"excerpt":{"rendered":"","protected":false},"author":1,"featured_media":0,"parent":0,"menu_order":2,"comment_status":"closed","ping_status":"closed","template":"","meta":{"footnotes":""},"class_list":["post-276","page","type-page","status-publish","hentry"],"_links":{"self":[{"href":"https:\/\/www.czs.com.br\/atalhos\/wp-json\/wp\/v2\/pages\/276","targetHints":{"allow":["GET"]}}],"collection":[{"href":"https:\/\/www.czs.com.br\/atalhos\/wp-json\/wp\/v2\/pages"}],"about":[{"href":"https:\/\/www.czs.com.br\/atalhos\/wp-json\/wp\/v2\/types\/page"}],"author":[{"embeddable":true,"href":"https:\/\/www.czs.com.br\/atalhos\/wp-json\/wp\/v2\/users\/1"}],"replies":[{"embeddable":true,"href":"https:\/\/www.czs.com.br\/atalhos\/wp-json\/wp\/v2\/comments?post=276"}],"version-history":[{"count":57,"href":"https:\/\/www.czs.com.br\/atalhos\/wp-json\/wp\/v2\/pages\/276\/revisions"}],"predecessor-version":[{"id":3983,"href":"https:\/\/www.czs.com.br\/atalhos\/wp-json\/wp\/v2\/pages\/276\/revisions\/3983"}],"wp:attachment":[{"href":"https:\/\/www.czs.com.br\/atalhos\/wp-json\/wp\/v2\/media?parent=276"}],"curies":[{"name":"wp","href":"https:\/\/api.w.org\/{rel}","templated":true}]}}