{"id":3706,"date":"2024-08-29T10:27:58","date_gmt":"2024-08-29T15:27:58","guid":{"rendered":"https:\/\/aal-affiliate-disclosure-page"},"modified":"2025-01-30T08:10:11","modified_gmt":"2025-01-30T13:10:11","slug":"divulgacao-de-afiliados","status":"publish","type":"page","link":"https:\/\/www.czs.com.br\/atalhos\/divulgacao-de-afiliados","title":{"rendered":"DIVULGA\u00c7\u00c3O DE AFILIADOS"},"content":{"rendered":"<h2 style=\"margin-bottom: 20px;\">DIVULGA\u00c7\u00c3O DE AFILIADOS<\/h2>\n<p>Este site \u00e9 participante do Programa de Associados da Amazon Services LLC, um programa de publicidade de afiliados projetado para fornecer um meio para sites ganharem taxas de comiss\u00e3o por meio de publicidade e links para o site: <a href=\"https:\/\/www.amazon.com.br\/?&amp;linkCode=ll2&amp;tag=atalhos-20&amp;linkId=50e9f7953aa27cf8c5b20015fc14fc2c&amp;language=pt_BR&amp;ref_=as_li_ss_tl\" target=\"_blank\" rel=\"noopener\">www.amazon.com.br<\/a><\/p>\n<p>Os pre\u00e7os e a disponibilidade dos produtos s\u00e3o precisos na data\/hora indicada e est\u00e3o sujeitos a altera\u00e7\u00f5es, sem aviso pr\u00e9vio. Quaisquer informa\u00e7\u00f5es de pre\u00e7o e disponibilidade exibidas no site da Amazon, no momento do acesso, ser\u00e3o aplicadas \u00e0 compra.<\/p>\n","protected":false},"excerpt":{"rendered":"<p>DIVULGA\u00c7\u00c3O DE AFILIADOS Este site \u00e9 participante do Programa de Associados da Amazon Services LLC, um programa de publicidade de afiliados projetado para fornecer um meio para sites ganharem taxas de comiss\u00e3o por meio de publicidade e links para o site: www.amazon.com.br Os pre\u00e7os e a disponibilidade dos produtos s\u00e3o precisos na data\/hora indicada e [&hellip;]<\/p>\n","protected":false},"author":1,"featured_media":0,"parent":0,"menu_order":0,"comment_status":"closed","ping_status":"closed","template":"","meta":{"footnotes":""},"class_list":["post-3706","page","type-page","status-publish","hentry"],"_links":{"self":[{"href":"https:\/\/www.czs.com.br\/atalhos\/wp-json\/wp\/v2\/pages\/3706","targetHints":{"allow":["GET"]}}],"collection":[{"href":"https:\/\/www.czs.com.br\/atalhos\/wp-json\/wp\/v2\/pages"}],"about":[{"href":"https:\/\/www.czs.com.br\/atalhos\/wp-json\/wp\/v2\/types\/page"}],"author":[{"embeddable":true,"href":"https:\/\/www.czs.com.br\/atalhos\/wp-json\/wp\/v2\/users\/1"}],"replies":[{"embeddable":true,"href":"https:\/\/www.czs.com.br\/atalhos\/wp-json\/wp\/v2\/comments?post=3706"}],"version-history":[{"count":5,"href":"https:\/\/www.czs.com.br\/atalhos\/wp-json\/wp\/v2\/pages\/3706\/revisions"}],"predecessor-version":[{"id":3955,"href":"https:\/\/www.czs.com.br\/atalhos\/wp-json\/wp\/v2\/pages\/3706\/revisions\/3955"}],"wp:attachment":[{"href":"https:\/\/www.czs.com.br\/atalhos\/wp-json\/wp\/v2\/media?parent=3706"}],"curies":[{"name":"wp","href":"https:\/\/api.w.org\/{rel}","templated":true}]}}