{"id":13,"date":"2017-03-28T13:36:50","date_gmt":"2017-03-28T18:36:50","guid":{"rendered":"http:\/\/www.czs.com.br\/cruzeirodosul\/?page_id=13"},"modified":"2024-08-20T22:49:06","modified_gmt":"2024-08-21T03:49:06","slug":"informacoes-gerais","status":"publish","type":"page","link":"https:\/\/www.czs.com.br\/cruzeirodosul\/apresentacao\/informacoes-gerais\/","title":{"rendered":"Informa\u00e7\u00f5es Gerais"},"content":{"rendered":"<div id='gallery-1' class='gallery galleryid-13 gallery-columns-6 gallery-size-thumbnail'><figure class='gallery-item'>\n\t\t\t<div class='gallery-icon landscape'>\n\t\t\t\t<a href='https:\/\/www.czs.com.br\/cruzeirodosul\/wp-content\/uploads\/bandeira.jpg' title=\"\" data-rl_title=\"\" class=\"rl-gallery-link\" data-rl_caption=\"\" data-rel=\"lightbox-gallery-1\"><img loading=\"lazy\" decoding=\"async\" width=\"150\" height=\"150\" src=\"https:\/\/www.czs.com.br\/cruzeirodosul\/wp-content\/uploads\/bandeira-150x150.jpg\" class=\"attachment-thumbnail size-thumbnail\" alt=\"\" srcset=\"https:\/\/www.czs.com.br\/cruzeirodosul\/wp-content\/uploads\/bandeira-150x150.jpg 150w, https:\/\/www.czs.com.br\/cruzeirodosul\/wp-content\/uploads\/bandeira-160x160.jpg 160w, https:\/\/www.czs.com.br\/cruzeirodosul\/wp-content\/uploads\/bandeira-320x320.jpg 320w\" sizes=\"auto, (max-width: 150px) 100vw, 150px\" \/><\/a>\n\t\t\t<\/div><\/figure><figure class='gallery-item'>\n\t\t\t<div class='gallery-icon portrait'>\n\t\t\t\t<a href='https:\/\/www.czs.com.br\/cruzeirodosul\/wp-content\/uploads\/brasao.jpg' title=\"\" data-rl_title=\"\" class=\"rl-gallery-link\" data-rl_caption=\"\" data-rel=\"lightbox-gallery-1\"><img loading=\"lazy\" decoding=\"async\" width=\"150\" height=\"150\" src=\"https:\/\/www.czs.com.br\/cruzeirodosul\/wp-content\/uploads\/brasao-150x150.jpg\" class=\"attachment-thumbnail size-thumbnail\" alt=\"\" srcset=\"https:\/\/www.czs.com.br\/cruzeirodosul\/wp-content\/uploads\/brasao-150x150.jpg 150w, https:\/\/www.czs.com.br\/cruzeirodosul\/wp-content\/uploads\/brasao-160x160.jpg 160w, https:\/\/www.czs.com.br\/cruzeirodosul\/wp-content\/uploads\/brasao-320x320.jpg 320w\" sizes=\"auto, (max-width: 150px) 100vw, 150px\" \/><\/a>\n\t\t\t<\/div><\/figure>\n\t\t<\/div>\n\n<ul>\n<li>Data de Instala\u00e7\u00e3o: 01\/01\/1939<\/li>\n<li>Gent\u00edlico: cruzeirense<\/li>\n<li>Popula\u00e7\u00e3o*: 82,075 habitantes<\/li>\n<li>\u00c1rea: 8.779,19 km\u00b2<\/li>\n<li>Densidade Demogr\u00e1fica: 9,16 hab\/km\u00b2<\/li>\n<li>IDH**: 0,664<\/li>\n<\/ul>\n<hr \/>\n<p><strong>LOCALIZA\u00c7\u00c3O<\/strong><\/p>\n<ul>\n<li>Mesorregi\u00e3o: Vale do Juru\u00e1<\/li>\n<li>Microrregi\u00e3o: Cruzeiro do Sul<\/li>\n<li>Dist\u00e2ncia da Capital: 593,81 km<\/li>\n<li>Altitude: 182,00 m<\/li>\n<\/ul>\n<hr \/>\n<p><strong>OUTRAS INFORMA\u00c7\u00d5ES<\/strong><\/p>\n<ul>\n<li>Funda\u00e7\u00e3o: 28 de setembro de 1904<\/li>\n<li>Habitante: Cruzeirense<\/li>\n<li>Economia: Com\u00e9rcio e servi\u00e7os (ocasionalmente: explora\u00e7\u00e3o de borracha, madeira e farinha)<\/li>\n<li>Temperatura M\u00e9dia Anual: 26\u00b0C<\/li>\n<li>Voltagem Padr\u00e3o: 110v<\/li>\n<li>Altitude: 182m<\/li>\n<li>C\u00f3digo DDD: 68<\/li>\n<li>CEP: 69980-000 (para toda a cidade).<\/li>\n<\/ul>\n<hr \/>\n<p><strong>LIMITES<\/strong><\/p>\n<ul>\n<li>Norte: Amazonas<\/li>\n<li>Sul: Porto Walter<\/li>\n<li>Leste: Tarauac\u00e1<\/li>\n<li>Oeste: M\u00e2ncio Lima, Rodrigues Alves e Rep\u00fablica do Peru<\/li>\n<\/ul>\n<hr \/>\n<p><strong>DIST\u00c2NCIAS<\/strong><\/p>\n<ul>\n<li>Rio Branco: 648km<\/li>\n<li>Rodrigues Alves: 19km<\/li>\n<li>Guajar\u00e1 (AM): 16km<\/li>\n<li>Pucallpa (Peru): 250km<\/li>\n<\/ul>\n<hr \/>\n<p><strong>SITE OFICIAL<\/strong><\/p>\n<p><a href=\"https:\/\/www.cruzeirodosul.ac.gov.br\/\" target=\"_blank\" rel=\"noopener\">www.cruzeirodosul.ac.gov.br<\/a><\/p>\n","protected":false},"excerpt":{"rendered":"<p>Data de Instala\u00e7\u00e3o: 01\/01\/1939 Gent\u00edlico: cruzeirense Popula\u00e7\u00e3o*: 82,075 habitantes \u00c1rea: 8.779,19 km\u00b2 Densidade Demogr\u00e1fica: 9,16 hab\/km\u00b2 IDH**: 0,664 LOCALIZA\u00c7\u00c3O Mesorregi\u00e3o: Vale do Juru\u00e1 Microrregi\u00e3o: Cruzeiro do Sul Dist\u00e2ncia da Capital: 593,81 km Altitude: 182,00 m OUTRAS INFORMA\u00c7\u00d5ES Funda\u00e7\u00e3o: 28 de<\/p>\n<p class=\"link-more\"><a class=\"more-link\" href=\"https:\/\/www.czs.com.br\/cruzeirodosul\/apresentacao\/informacoes-gerais\/\">Read More <span class=\"screen-reader-text\">Informa\u00e7\u00f5es Gerais<\/span><\/a><\/p>\n","protected":false},"author":1,"featured_media":0,"parent":2,"menu_order":0,"comment_status":"closed","ping_status":"closed","template":"","meta":{"footnotes":""},"class_list":["post-13","page","type-page","status-publish","hentry","thumb-above-title"],"_links":{"self":[{"href":"https:\/\/www.czs.com.br\/cruzeirodosul\/wp-json\/wp\/v2\/pages\/13","targetHints":{"allow":["GET"]}}],"collection":[{"href":"https:\/\/www.czs.com.br\/cruzeirodosul\/wp-json\/wp\/v2\/pages"}],"about":[{"href":"https:\/\/www.czs.com.br\/cruzeirodosul\/wp-json\/wp\/v2\/types\/page"}],"author":[{"embeddable":true,"href":"https:\/\/www.czs.com.br\/cruzeirodosul\/wp-json\/wp\/v2\/users\/1"}],"replies":[{"embeddable":true,"href":"https:\/\/www.czs.com.br\/cruzeirodosul\/wp-json\/wp\/v2\/comments?post=13"}],"version-history":[{"count":26,"href":"https:\/\/www.czs.com.br\/cruzeirodosul\/wp-json\/wp\/v2\/pages\/13\/revisions"}],"predecessor-version":[{"id":208,"href":"https:\/\/www.czs.com.br\/cruzeirodosul\/wp-json\/wp\/v2\/pages\/13\/revisions\/208"}],"up":[{"embeddable":true,"href":"https:\/\/www.czs.com.br\/cruzeirodosul\/wp-json\/wp\/v2\/pages\/2"}],"wp:attachment":[{"href":"https:\/\/www.czs.com.br\/cruzeirodosul\/wp-json\/wp\/v2\/media?parent=13"}],"curies":[{"name":"wp","href":"https:\/\/api.w.org\/{rel}","templated":true}]}}