{"id":16,"date":"2017-03-28T13:37:53","date_gmt":"2017-03-28T18:37:53","guid":{"rendered":"http:\/\/www.czs.com.br\/cruzeirodosul\/?page_id=16"},"modified":"2017-03-28T13:37:53","modified_gmt":"2017-03-28T18:37:53","slug":"areas-especiais","status":"publish","type":"page","link":"https:\/\/www.czs.com.br\/cruzeirodosul\/areas-especiais\/","title":{"rendered":"\u00c1reas Especiais"},"content":{"rendered":"<p style=\"text-align: justify;\"><strong>Projetos de Assentamento (PA)<\/strong><\/p>\n<ul style=\"text-align: justify;\">\n<li>PA Tracu\u00e1<\/li>\n<li>PA Narciso Assun\u00e7\u00e3o<\/li>\n<li>PA Pedro Firmino<\/li>\n<li>PAD Santa Luzia<\/li>\n<li>PDS Jamil Jereissati<\/li>\n<li>PE P\u00f3lo Agroflorestal Rodrigues Alves<\/li>\n<\/ul>\n<p style=\"text-align: justify;\"><strong>Terras Ind\u00edgenas (TI)<\/strong><\/p>\n<ul style=\"text-align: justify;\">\n<li>Jaminawa do Igarap\u00e9 Preto<\/li>\n<li>Campinas\/Katukina<\/li>\n<\/ul>\n<p style=\"text-align: justify;\"><strong>Unidades de Conserva\u00e7\u00e3o (UC)<\/strong><\/p>\n<ul style=\"text-align: justify;\">\n<li>Parque Nacional da Serra do Divisor<\/li>\n<li>Reserva Extrativista Riozinho da Liberdade<\/li>\n<li>Floresta Estadual do Mogno<\/li>\n<\/ul>\n<p style=\"text-align: right;\">Fonte: Atlas do Estado do Acre<\/p>\n","protected":false},"excerpt":{"rendered":"<p>Projetos de Assentamento (PA) PA Tracu\u00e1 PA Narciso Assun\u00e7\u00e3o PA Pedro Firmino PAD Santa Luzia PDS Jamil Jereissati PE P\u00f3lo Agroflorestal Rodrigues Alves Terras Ind\u00edgenas (TI) Jaminawa do Igarap\u00e9 Preto Campinas\/Katukina Unidades de Conserva\u00e7\u00e3o (UC) Parque Nacional da Serra do<\/p>\n<p class=\"link-more\"><a class=\"more-link\" href=\"https:\/\/www.czs.com.br\/cruzeirodosul\/areas-especiais\/\">Read More <span class=\"screen-reader-text\">\u00c1reas Especiais<\/span><\/a><\/p>\n","protected":false},"author":1,"featured_media":0,"parent":0,"menu_order":0,"comment_status":"closed","ping_status":"closed","template":"","meta":{"footnotes":""},"class_list":["post-16","page","type-page","status-publish","hentry","thumb-above-title"],"_links":{"self":[{"href":"https:\/\/www.czs.com.br\/cruzeirodosul\/wp-json\/wp\/v2\/pages\/16","targetHints":{"allow":["GET"]}}],"collection":[{"href":"https:\/\/www.czs.com.br\/cruzeirodosul\/wp-json\/wp\/v2\/pages"}],"about":[{"href":"https:\/\/www.czs.com.br\/cruzeirodosul\/wp-json\/wp\/v2\/types\/page"}],"author":[{"embeddable":true,"href":"https:\/\/www.czs.com.br\/cruzeirodosul\/wp-json\/wp\/v2\/users\/1"}],"replies":[{"embeddable":true,"href":"https:\/\/www.czs.com.br\/cruzeirodosul\/wp-json\/wp\/v2\/comments?post=16"}],"version-history":[{"count":1,"href":"https:\/\/www.czs.com.br\/cruzeirodosul\/wp-json\/wp\/v2\/pages\/16\/revisions"}],"predecessor-version":[{"id":18,"href":"https:\/\/www.czs.com.br\/cruzeirodosul\/wp-json\/wp\/v2\/pages\/16\/revisions\/18"}],"wp:attachment":[{"href":"https:\/\/www.czs.com.br\/cruzeirodosul\/wp-json\/wp\/v2\/media?parent=16"}],"curies":[{"name":"wp","href":"https:\/\/api.w.org\/{rel}","templated":true}]}}