{"id":19,"date":"2017-03-28T13:38:41","date_gmt":"2017-03-28T18:38:41","guid":{"rendered":"http:\/\/www.czs.com.br\/cruzeirodosul\/?page_id=19"},"modified":"2017-03-28T13:38:41","modified_gmt":"2017-03-28T18:38:41","slug":"projetos-de-assentamento","status":"publish","type":"page","link":"https:\/\/www.czs.com.br\/cruzeirodosul\/areas-especiais\/projetos-de-assentamento\/","title":{"rendered":"Projetos de Assentamento"},"content":{"rendered":"<p style=\"text-align: justify;\">Entre os assentamentos, se destaca o PAD Santa Luzia, que abriga muitas fam\u00edlias, diversas escolas e possui uma grande rede de ramais. Al\u00e9m deste, h\u00e1 ainda os PA Tracu\u00e1, Narciso Assun\u00e7\u00e3o, Pedro Firmino e parte do PDS Jamil Jereissati. No total, vivem mais de 1.106 fam\u00edlias em assentamentos. Nestes lugares s\u00e3o produzidos farinha de mandioca, a\u00e7a\u00ed, buriti, frutas e outros produtos agr\u00edcolas e florestais que s\u00e3o vendidos no mercado de Cruzeiro do Sul.<\/p>\n<p style=\"text-align: right;\">Fonte: Atlas do Estado do Acre<\/p>\n","protected":false},"excerpt":{"rendered":"<p>Entre os assentamentos, se destaca o PAD Santa Luzia, que abriga muitas fam\u00edlias, diversas escolas e possui uma grande rede de ramais. Al\u00e9m deste, h\u00e1 ainda os PA Tracu\u00e1, Narciso Assun\u00e7\u00e3o, Pedro Firmino e parte do PDS Jamil Jereissati. No<\/p>\n<p class=\"link-more\"><a class=\"more-link\" href=\"https:\/\/www.czs.com.br\/cruzeirodosul\/areas-especiais\/projetos-de-assentamento\/\">Read More <span class=\"screen-reader-text\">Projetos de Assentamento<\/span><\/a><\/p>\n","protected":false},"author":1,"featured_media":0,"parent":16,"menu_order":0,"comment_status":"closed","ping_status":"closed","template":"","meta":{"footnotes":""},"class_list":["post-19","page","type-page","status-publish","hentry","thumb-above-title"],"_links":{"self":[{"href":"https:\/\/www.czs.com.br\/cruzeirodosul\/wp-json\/wp\/v2\/pages\/19","targetHints":{"allow":["GET"]}}],"collection":[{"href":"https:\/\/www.czs.com.br\/cruzeirodosul\/wp-json\/wp\/v2\/pages"}],"about":[{"href":"https:\/\/www.czs.com.br\/cruzeirodosul\/wp-json\/wp\/v2\/types\/page"}],"author":[{"embeddable":true,"href":"https:\/\/www.czs.com.br\/cruzeirodosul\/wp-json\/wp\/v2\/users\/1"}],"replies":[{"embeddable":true,"href":"https:\/\/www.czs.com.br\/cruzeirodosul\/wp-json\/wp\/v2\/comments?post=19"}],"version-history":[{"count":1,"href":"https:\/\/www.czs.com.br\/cruzeirodosul\/wp-json\/wp\/v2\/pages\/19\/revisions"}],"predecessor-version":[{"id":20,"href":"https:\/\/www.czs.com.br\/cruzeirodosul\/wp-json\/wp\/v2\/pages\/19\/revisions\/20"}],"up":[{"embeddable":true,"href":"https:\/\/www.czs.com.br\/cruzeirodosul\/wp-json\/wp\/v2\/pages\/16"}],"wp:attachment":[{"href":"https:\/\/www.czs.com.br\/cruzeirodosul\/wp-json\/wp\/v2\/media?parent=19"}],"curies":[{"name":"wp","href":"https:\/\/api.w.org\/{rel}","templated":true}]}}