{"id":2,"date":"2016-09-20T15:42:55","date_gmt":"2016-09-20T15:42:55","guid":{"rendered":"http:\/\/czs.com.br\/cruzeirodosul\/?page_id=2"},"modified":"2017-05-19T20:48:02","modified_gmt":"2017-05-20T01:48:02","slug":"apresentacao","status":"publish","type":"page","link":"https:\/\/www.czs.com.br\/cruzeirodosul\/","title":{"rendered":"Apresenta\u00e7\u00e3o"},"content":{"rendered":"<p><img decoding=\"async\" src=\"http:\/\/www.czs.com.br\/cruzeirodosul\/wp-content\/uploads\/czs-cabecalho.jpg\" alt=\"CZS\" width=\"100%\" \/><\/p>\n<p style=\"text-align: justify;\">O principal objetivo deste site \u00e9 coletar e publicar informa\u00e7\u00f5es sobre a cidade de Cruzeiro do Sul, visando divulgar sua hist\u00f3ria, cultura e costumes. Aqui, voc\u00ea encontrar\u00e1 fotos e artigos resumidos que tornar\u00e3o seu passeio ainda mais agrad\u00e1vel. Fique \u00e0 vontade e volte sempre!<\/p>\n<hr \/>\n<p>Saiba mais sobre a cidade:<\/p>\n<p><a href=\"http:\/\/www.czs.com.br\/cruzeirodosul\/apresentacao\/cruzeiro-do-sul\/\">Cruzeiro do Sul<\/a><\/p>\n<p><a href=\"http:\/\/www.czs.com.br\/cruzeirodosul\/apresentacao\/hino-de-cruzeiro-do-sul\/\">Hino de Cruzeiro do Sul<\/a><\/p>\n<p><a href=\"http:\/\/www.czs.com.br\/cruzeirodosul\/apresentacao\/informacoes-gerais\/\">Informa\u00e7\u00f5es Gerais<\/a><\/p>\n<hr \/>\n<p>Acesse nossa p\u00e1gina:\u00a0<a href=\"http:\/\/www.facebook.com\/guiaczs\" target=\"_blank\" rel=\"noopener noreferrer\">Facebook<\/a><\/p>\n","protected":false},"excerpt":{"rendered":"<p>O principal objetivo deste site \u00e9 coletar e publicar informa\u00e7\u00f5es sobre a cidade de Cruzeiro do Sul, visando divulgar sua hist\u00f3ria, cultura e costumes. Aqui, voc\u00ea encontrar\u00e1 fotos e artigos resumidos que tornar\u00e3o seu passeio ainda mais agrad\u00e1vel. Fique \u00e0<\/p>\n<p class=\"link-more\"><a class=\"more-link\" href=\"https:\/\/www.czs.com.br\/cruzeirodosul\/\">Read More <span class=\"screen-reader-text\">Apresenta\u00e7\u00e3o<\/span><\/a><\/p>\n","protected":false},"author":1,"featured_media":0,"parent":0,"menu_order":0,"comment_status":"closed","ping_status":"open","template":"","meta":{"footnotes":""},"class_list":["post-2","page","type-page","status-publish","hentry","thumb-above-title"],"_links":{"self":[{"href":"https:\/\/www.czs.com.br\/cruzeirodosul\/wp-json\/wp\/v2\/pages\/2","targetHints":{"allow":["GET"]}}],"collection":[{"href":"https:\/\/www.czs.com.br\/cruzeirodosul\/wp-json\/wp\/v2\/pages"}],"about":[{"href":"https:\/\/www.czs.com.br\/cruzeirodosul\/wp-json\/wp\/v2\/types\/page"}],"author":[{"embeddable":true,"href":"https:\/\/www.czs.com.br\/cruzeirodosul\/wp-json\/wp\/v2\/users\/1"}],"replies":[{"embeddable":true,"href":"https:\/\/www.czs.com.br\/cruzeirodosul\/wp-json\/wp\/v2\/comments?post=2"}],"version-history":[{"count":4,"href":"https:\/\/www.czs.com.br\/cruzeirodosul\/wp-json\/wp\/v2\/pages\/2\/revisions"}],"predecessor-version":[{"id":125,"href":"https:\/\/www.czs.com.br\/cruzeirodosul\/wp-json\/wp\/v2\/pages\/2\/revisions\/125"}],"wp:attachment":[{"href":"https:\/\/www.czs.com.br\/cruzeirodosul\/wp-json\/wp\/v2\/media?parent=2"}],"curies":[{"name":"wp","href":"https:\/\/api.w.org\/{rel}","templated":true}]}}