{"id":23,"date":"2017-03-28T13:40:49","date_gmt":"2017-03-28T18:40:49","guid":{"rendered":"http:\/\/www.czs.com.br\/cruzeirodosul\/?page_id=23"},"modified":"2017-03-28T13:40:49","modified_gmt":"2017-03-28T18:40:49","slug":"unidades-de-conservacao","status":"publish","type":"page","link":"https:\/\/www.czs.com.br\/cruzeirodosul\/areas-especiais\/unidades-de-conservacao\/","title":{"rendered":"Unidades de Conserva\u00e7\u00e3o"},"content":{"rendered":"<p style=\"text-align: justify;\">O Parque Nacional da Serra do Divisor (PNSD) foi criado em 1989 e \u00e9 de uso indireto. Sua finalidade \u00e9 proteger o ambiente natural formado pelas montanhas cobertas por florestas que separam o vale do rio Ucayali, no Peru, do vale do Alto Juru\u00e1, no Brasil. Nesta regi\u00e3o tamb\u00e9m existem muitos f\u00f3sseis e outras riquezas naturais de fauna e flora. O parque \u00e9 considerado local de maior biodiversidade da Amaz\u00f4nia.<\/p>\n<p style=\"text-align: justify;\">O acesso ao PNSD \u00e9 por via fluvial, atrav\u00e9s dos afluentes da margem esquerda do Alto Juru\u00e1.<\/p>\n<p style=\"text-align: right;\">Fonte: Atlas do Estado do Acre<\/p>\n","protected":false},"excerpt":{"rendered":"<p>O Parque Nacional da Serra do Divisor (PNSD) foi criado em 1989 e \u00e9 de uso indireto. Sua finalidade \u00e9 proteger o ambiente natural formado pelas montanhas cobertas por florestas que separam o vale do rio Ucayali, no Peru, do<\/p>\n<p class=\"link-more\"><a class=\"more-link\" href=\"https:\/\/www.czs.com.br\/cruzeirodosul\/areas-especiais\/unidades-de-conservacao\/\">Read More <span class=\"screen-reader-text\">Unidades de Conserva\u00e7\u00e3o<\/span><\/a><\/p>\n","protected":false},"author":1,"featured_media":0,"parent":16,"menu_order":0,"comment_status":"closed","ping_status":"closed","template":"","meta":{"footnotes":""},"class_list":["post-23","page","type-page","status-publish","hentry","thumb-above-title"],"_links":{"self":[{"href":"https:\/\/www.czs.com.br\/cruzeirodosul\/wp-json\/wp\/v2\/pages\/23","targetHints":{"allow":["GET"]}}],"collection":[{"href":"https:\/\/www.czs.com.br\/cruzeirodosul\/wp-json\/wp\/v2\/pages"}],"about":[{"href":"https:\/\/www.czs.com.br\/cruzeirodosul\/wp-json\/wp\/v2\/types\/page"}],"author":[{"embeddable":true,"href":"https:\/\/www.czs.com.br\/cruzeirodosul\/wp-json\/wp\/v2\/users\/1"}],"replies":[{"embeddable":true,"href":"https:\/\/www.czs.com.br\/cruzeirodosul\/wp-json\/wp\/v2\/comments?post=23"}],"version-history":[{"count":1,"href":"https:\/\/www.czs.com.br\/cruzeirodosul\/wp-json\/wp\/v2\/pages\/23\/revisions"}],"predecessor-version":[{"id":24,"href":"https:\/\/www.czs.com.br\/cruzeirodosul\/wp-json\/wp\/v2\/pages\/23\/revisions\/24"}],"up":[{"embeddable":true,"href":"https:\/\/www.czs.com.br\/cruzeirodosul\/wp-json\/wp\/v2\/pages\/16"}],"wp:attachment":[{"href":"https:\/\/www.czs.com.br\/cruzeirodosul\/wp-json\/wp\/v2\/media?parent=23"}],"curies":[{"name":"wp","href":"https:\/\/api.w.org\/{rel}","templated":true}]}}