{"id":25,"date":"2017-03-28T13:42:47","date_gmt":"2017-03-28T18:42:47","guid":{"rendered":"http:\/\/www.czs.com.br\/cruzeirodosul\/?page_id=25"},"modified":"2024-09-19T21:00:01","modified_gmt":"2024-09-20T02:00:01","slug":"aspectos-geograficos","status":"publish","type":"page","link":"https:\/\/www.czs.com.br\/cruzeirodosul\/aspectos-geograficos\/","title":{"rendered":"Aspectos Geogr\u00e1ficos"},"content":{"rendered":"<p><strong>Censo Demogr\u00e1fico 2010<\/strong><\/p>\n<ul>\n<li>\u00c1rea: 8.816 km\u00b2<\/li>\n<li>Popula\u00e7\u00e3o: 78.444 hab<\/li>\n<li>Densidade demogr\u00e1fica: 8,89 hab\/km\u00b2<\/li>\n<li>Popula\u00e7\u00e3o masculina: 39.185 (49.95%)<\/li>\n<li>Popula\u00e7\u00e3o feminina: 39.259 (50.05%)<\/li>\n<li>Popula\u00e7\u00e3o urbana: 55.259 (70.44%)<\/li>\n<li>Popula\u00e7\u00e3o rural: 23.185 (29.56%)<\/li>\n<\/ul>\n<p>Fonte: <a href=\"http:\/\/censo2010.ibge.gov.br\/\" target=\"_blank\" rel=\"noopener\">IBGE\/Censo 2010<\/a><\/p>\n<p>Informa\u00e7\u00f5es atualizadas: <a href=\"https:\/\/cidades.ibge.gov.br\/brasil\/ac\/cruzeiro-do-sul\/panorama\" target=\"_blank\" rel=\"noopener\">cidades.ibge.gov.br<\/a><\/p>\n","protected":false},"excerpt":{"rendered":"<p>Censo Demogr\u00e1fico 2010 \u00c1rea: 8.816 km\u00b2 Popula\u00e7\u00e3o: 78.444 hab Densidade demogr\u00e1fica: 8,89 hab\/km\u00b2 Popula\u00e7\u00e3o masculina: 39.185 (49.95%) Popula\u00e7\u00e3o feminina: 39.259 (50.05%) Popula\u00e7\u00e3o urbana: 55.259 (70.44%) Popula\u00e7\u00e3o rural: 23.185 (29.56%) Fonte: IBGE\/Censo 2010 Informa\u00e7\u00f5es atualizadas: cidades.ibge.gov.br<\/p>\n","protected":false},"author":1,"featured_media":0,"parent":0,"menu_order":0,"comment_status":"closed","ping_status":"closed","template":"","meta":{"footnotes":""},"class_list":["post-25","page","type-page","status-publish","hentry","thumb-above-title"],"_links":{"self":[{"href":"https:\/\/www.czs.com.br\/cruzeirodosul\/wp-json\/wp\/v2\/pages\/25","targetHints":{"allow":["GET"]}}],"collection":[{"href":"https:\/\/www.czs.com.br\/cruzeirodosul\/wp-json\/wp\/v2\/pages"}],"about":[{"href":"https:\/\/www.czs.com.br\/cruzeirodosul\/wp-json\/wp\/v2\/types\/page"}],"author":[{"embeddable":true,"href":"https:\/\/www.czs.com.br\/cruzeirodosul\/wp-json\/wp\/v2\/users\/1"}],"replies":[{"embeddable":true,"href":"https:\/\/www.czs.com.br\/cruzeirodosul\/wp-json\/wp\/v2\/comments?post=25"}],"version-history":[{"count":3,"href":"https:\/\/www.czs.com.br\/cruzeirodosul\/wp-json\/wp\/v2\/pages\/25\/revisions"}],"predecessor-version":[{"id":218,"href":"https:\/\/www.czs.com.br\/cruzeirodosul\/wp-json\/wp\/v2\/pages\/25\/revisions\/218"}],"wp:attachment":[{"href":"https:\/\/www.czs.com.br\/cruzeirodosul\/wp-json\/wp\/v2\/media?parent=25"}],"curies":[{"name":"wp","href":"https:\/\/api.w.org\/{rel}","templated":true}]}}