{"id":28,"date":"2017-03-28T13:43:40","date_gmt":"2017-03-28T18:43:40","guid":{"rendered":"http:\/\/www.czs.com.br\/cruzeirodosul\/?page_id=28"},"modified":"2017-03-28T13:43:40","modified_gmt":"2017-03-28T18:43:40","slug":"localizacao","status":"publish","type":"page","link":"https:\/\/www.czs.com.br\/cruzeirodosul\/aspectos-geograficos\/localizacao\/","title":{"rendered":"Localiza\u00e7\u00e3o"},"content":{"rendered":"<p style=\"text-align: justify;\">A cidade de Cruzeiro do Sul est\u00e1 localizada no Noroeste do Estado do Acre, na Regional do Juru\u00e1.<\/p>\n<p style=\"text-align: justify;\"><a href=\"http:\/\/www.czs.com.br\/midia\/mapa-do-acre.jpg\" target=\"_blank\" data-rel=\"lightbox-image-0\" data-rl_title=\"\" data-rl_caption=\"\"><img decoding=\"async\" class=\"alignleft\" title=\"\" src=\"http:\/\/www.czs.com.br\/midia\/mapa-do-acre-400x250.jpg\" alt=\"\" width=\"100%\" height=\"250\" \/><\/a><\/p>\n<p style=\"text-align: justify;\">Dist\u00e2ncia da capital, por rodovia: 648 km<br \/>\nDist\u00e2ncia da capital, em linha reta: 593 km<\/p>\n<p style=\"text-align: justify;\">Fontes: Atlas do Estado do Acre \/ Maplink<\/p>\n","protected":false},"excerpt":{"rendered":"<p>A cidade de Cruzeiro do Sul est\u00e1 localizada no Noroeste do Estado do Acre, na Regional do Juru\u00e1. Dist\u00e2ncia da capital, por rodovia: 648 km Dist\u00e2ncia da capital, em linha reta: 593 km Fontes: Atlas do Estado do Acre \/<\/p>\n<p class=\"link-more\"><a class=\"more-link\" href=\"https:\/\/www.czs.com.br\/cruzeirodosul\/aspectos-geograficos\/localizacao\/\">Read More <span class=\"screen-reader-text\">Localiza\u00e7\u00e3o<\/span><\/a><\/p>\n","protected":false},"author":1,"featured_media":0,"parent":25,"menu_order":0,"comment_status":"closed","ping_status":"closed","template":"","meta":{"footnotes":""},"class_list":["post-28","page","type-page","status-publish","hentry","thumb-above-title"],"_links":{"self":[{"href":"https:\/\/www.czs.com.br\/cruzeirodosul\/wp-json\/wp\/v2\/pages\/28","targetHints":{"allow":["GET"]}}],"collection":[{"href":"https:\/\/www.czs.com.br\/cruzeirodosul\/wp-json\/wp\/v2\/pages"}],"about":[{"href":"https:\/\/www.czs.com.br\/cruzeirodosul\/wp-json\/wp\/v2\/types\/page"}],"author":[{"embeddable":true,"href":"https:\/\/www.czs.com.br\/cruzeirodosul\/wp-json\/wp\/v2\/users\/1"}],"replies":[{"embeddable":true,"href":"https:\/\/www.czs.com.br\/cruzeirodosul\/wp-json\/wp\/v2\/comments?post=28"}],"version-history":[{"count":1,"href":"https:\/\/www.czs.com.br\/cruzeirodosul\/wp-json\/wp\/v2\/pages\/28\/revisions"}],"predecessor-version":[{"id":29,"href":"https:\/\/www.czs.com.br\/cruzeirodosul\/wp-json\/wp\/v2\/pages\/28\/revisions\/29"}],"up":[{"embeddable":true,"href":"https:\/\/www.czs.com.br\/cruzeirodosul\/wp-json\/wp\/v2\/pages\/25"}],"wp:attachment":[{"href":"https:\/\/www.czs.com.br\/cruzeirodosul\/wp-json\/wp\/v2\/media?parent=28"}],"curies":[{"name":"wp","href":"https:\/\/api.w.org\/{rel}","templated":true}]}}