{"id":33,"date":"2017-03-28T13:45:22","date_gmt":"2017-03-28T18:45:22","guid":{"rendered":"http:\/\/www.czs.com.br\/cruzeirodosul\/?page_id=33"},"modified":"2017-03-28T13:45:22","modified_gmt":"2017-03-28T18:45:22","slug":"agenda-cultural","status":"publish","type":"page","link":"https:\/\/www.czs.com.br\/cruzeirodosul\/cultura\/agenda-cultural\/","title":{"rendered":"Agenda Cultural"},"content":{"rendered":"<ul>\n<li><strong>FESTIVAL DA CAN\u00c7\u00c3O<\/strong><br \/>\nData: De Julho a Setembro<br \/>\nLocal: Pra\u00e7a do Centro Cultural &#8211; Av. Absolon Moreira, Centro<br \/>\nCoordena\u00e7\u00e3o: Ass. de Comunica\u00e7\u00e3o \/ Depto. de Cultura<br \/>\nInforma\u00e7\u00f5es: (068) 3322-5961<\/li>\n<\/ul>\n<ul>\n<li><strong>EXPOACRE JURU\u00c1<\/strong><br \/>\nData: M\u00eas de Setembro<br \/>\nLocal: Av. M\u00e2ncio Lima<\/li>\n<\/ul>\n<ul>\n<li><strong>ANIVERS\u00c1RIO DA CIDADE<\/strong><br \/>\nData: 28 de Setembro<\/li>\n<\/ul>\n<ul>\n<li><strong>CONSOLIDA\u00c7\u00c3O DA SOBERANIA NACIONAL NA REGI\u00c3O DO JURU\u00c1<\/strong><br \/>\nData: 05 de Novembro<\/li>\n<\/ul>\n","protected":false},"excerpt":{"rendered":"<p>FESTIVAL DA CAN\u00c7\u00c3O Data: De Julho a Setembro Local: Pra\u00e7a do Centro Cultural &#8211; Av. Absolon Moreira, Centro Coordena\u00e7\u00e3o: Ass. de Comunica\u00e7\u00e3o \/ Depto. de Cultura Informa\u00e7\u00f5es: (068) 3322-5961 EXPOACRE JURU\u00c1 Data: M\u00eas de Setembro Local: Av. M\u00e2ncio Lima ANIVERS\u00c1RIO<\/p>\n<p class=\"link-more\"><a class=\"more-link\" href=\"https:\/\/www.czs.com.br\/cruzeirodosul\/cultura\/agenda-cultural\/\">Read More <span class=\"screen-reader-text\">Agenda Cultural<\/span><\/a><\/p>\n","protected":false},"author":1,"featured_media":0,"parent":30,"menu_order":0,"comment_status":"closed","ping_status":"closed","template":"","meta":{"footnotes":""},"class_list":["post-33","page","type-page","status-publish","hentry","thumb-above-title"],"_links":{"self":[{"href":"https:\/\/www.czs.com.br\/cruzeirodosul\/wp-json\/wp\/v2\/pages\/33","targetHints":{"allow":["GET"]}}],"collection":[{"href":"https:\/\/www.czs.com.br\/cruzeirodosul\/wp-json\/wp\/v2\/pages"}],"about":[{"href":"https:\/\/www.czs.com.br\/cruzeirodosul\/wp-json\/wp\/v2\/types\/page"}],"author":[{"embeddable":true,"href":"https:\/\/www.czs.com.br\/cruzeirodosul\/wp-json\/wp\/v2\/users\/1"}],"replies":[{"embeddable":true,"href":"https:\/\/www.czs.com.br\/cruzeirodosul\/wp-json\/wp\/v2\/comments?post=33"}],"version-history":[{"count":1,"href":"https:\/\/www.czs.com.br\/cruzeirodosul\/wp-json\/wp\/v2\/pages\/33\/revisions"}],"predecessor-version":[{"id":34,"href":"https:\/\/www.czs.com.br\/cruzeirodosul\/wp-json\/wp\/v2\/pages\/33\/revisions\/34"}],"up":[{"embeddable":true,"href":"https:\/\/www.czs.com.br\/cruzeirodosul\/wp-json\/wp\/v2\/pages\/30"}],"wp:attachment":[{"href":"https:\/\/www.czs.com.br\/cruzeirodosul\/wp-json\/wp\/v2\/media?parent=33"}],"curies":[{"name":"wp","href":"https:\/\/api.w.org\/{rel}","templated":true}]}}