{"id":39,"date":"2017-03-28T13:48:28","date_gmt":"2017-03-28T18:48:28","guid":{"rendered":"http:\/\/www.czs.com.br\/cruzeirodosul\/?page_id=39"},"modified":"2017-03-28T13:48:28","modified_gmt":"2017-03-28T18:48:28","slug":"maqueson-pereira-da-silva","status":"publish","type":"page","link":"https:\/\/www.czs.com.br\/cruzeirodosul\/cultura\/maqueson-pereira-da-silva\/","title":{"rendered":"Maqueson Pereira da Silva"},"content":{"rendered":"<h1 style=\"text-align: center;\" align=\"center\"><a href=\"http:\/\/www.czs.com.br\/arquivo\/maqueson\/paisagem_com_pescador_e_casas.jpg\" data-rel=\"lightbox-image-0\" data-rl_title=\"\" data-rl_caption=\"\" title=\"\"><img loading=\"lazy\" decoding=\"async\" src=\"http:\/\/www.czs.com.br\/arquivo\/maqueson\/paisagem_com_pescador_e_casas.jpg\" alt=\"Ampliar\" width=\"320\" height=\"238\" border=\"1\" \/><\/a><\/h1>\n<p style=\"text-align: center;\" align=\"center\">(Autodidata)<br \/>\nCruzeiro do Sul &#8211; AC<\/p>\n<table class=\" aligncenter\" border=\"0\" width=\"92%\" cellspacing=\"1\" bgcolor=\"#82ACD2\">\n<tbody>\n<tr>\n<td align=\"center\" bgcolor=\"#FFFFFF\" width=\"100%\">A Arte de Maqueson<\/td>\n<\/tr>\n<\/tbody>\n<\/table>\n<blockquote>\n<blockquote>\n<p align=\"justify\">\u00a0\u00a0\u00a0\u00a0 Um p\u00e1ssaro pousa, suavemente, num ramo de flores&#8230; Uma borboleta voa&#8230; O rio Juru\u00e1 desce por entre casas&#8230; Jos\u00e9 e Maria fogem para o Egito com o menino&#8230; Mogno, cerejeira, sucupira, imbuia, cedro, cavi\u00fana, murapiranga, ip\u00ea&#8230; Todas as \u00e1rvores, dois mundos de forma, cores e imensa poesia fluem das obras de Maqueson para nossos olhos: Uma, da natureza virgem, de onde nasceu, \u00e0 margem do Juru\u00e1, traduzindo toda impon\u00eancia e exuber\u00e2ncia da floresta; e outra, de temas regionais e sacros, de proced\u00eancia b\u00edblica, influ\u00eancia da sua forma\u00e7\u00e3o religiosa. A <a href=\"http:\/\/www.czs.com.br\/arquivo\/maqueson\/marchetaria.htm\">marchetaria<\/a>, t\u00e9cnica milenar, delicada e trabalhosa de lidar, com as potencialidades da madeira, foi o que Maqueson adotou como meio de express\u00e3o art\u00edstica. O est\u00e9tico, os significados ou temas, constru\u00eddos com um material trabalhado de forma inusitada. Este material, a madeira, com suas cores, formas e texturas, \u00e9 a beleza sem a qual toda a artificialidade perde o sentido: o cheiro de vida. \u00c9 assim que Jos\u00e9 e Maria, p\u00e1ssaros e flores, borboletas e rios n\u00e3o nos encantam simplesmente, mas recendem as madeiras do mundo, todas reunidas nos trabalhos, sem nenhuma colora\u00e7\u00e3o artificial.\u00a0\u00a0 <a href=\"http:\/\/www.czs.com.br\/arquivo\/maqueson\/marchetaria.htm\">Saiba mais sobre Marchetaria&#8230;<\/a><\/p>\n<\/blockquote>\n<\/blockquote>\n<table class=\" aligncenter\" border=\"0\" width=\"92%\" cellspacing=\"1\" bgcolor=\"#82ACD2\">\n<tbody>\n<tr>\n<td align=\"center\" bgcolor=\"#FFFFFF\" width=\"100%\">Sobre o Artista<\/td>\n<\/tr>\n<\/tbody>\n<\/table>\n<blockquote>\n<blockquote>\n<p align=\"justify\">\u00a0\u00a0\u00a0\u00a0 Com seu nascimento, no interior do Munic\u00edpio de Cruzeiro do Sul, no Estado do Acre, ponto mais ocidental do Brasil, em plena selva amaz\u00f4nica, nada indicava sua voca\u00e7\u00e3o para esta arte, t\u00e3o pouco conhecida no pa\u00eds. Ao contr\u00e1rio, tudo indicava que seguiria o exemplo do pai, seringueiro e construtor de barcos. Mas, ele estudou.<br \/>\nEm 1973, ingressa no Col\u00e9gio Interno dos Padres Alem\u00e3es da Congrega\u00e7\u00e3o do Esp\u00edrito Santo.<br \/>\nEm 1977, transfere-se para o Instituto Pe. Libermann de Salete, em Santa Catarina, onde recebe uma s\u00f3lida forma\u00e7\u00e3o Europ\u00e9ia e adquire conhecimentos de marcenaria e desenhos arquitet\u00f4nicos e art\u00edsticos. Tamb\u00e9m neste per\u00edodo, recebe, do religioso Ir. Guilherme Sh\u00fcller e de outros padres daquela congrega\u00e7\u00e3o, as primeiras orienta\u00e7\u00f5es sobre a t\u00e9cnica da Marchetaria.<br \/>\nEm 1986, sua volta \u00e0 terra natal marca uma etapa decisiva na sua vida. \u00c9, nesse tempo, que se dedica intensamente \u00e0s pesquisas, propriamente ditas, da arte da Marchetaria, tendo como mestres o Pe. Herbert Douteil e professores de arte, da Su\u00ed\u00e7a e da Alemanha, os quais ampliam seus conhecimentos de Bot\u00e2nica. Realiza, ent\u00e3o, suas primeiras exposi\u00e7\u00f5es.<br \/>\nEm 1989, casa-se, em Santa Catarina, residindo novamente no Sul do pa\u00eds, onde prossegue com seus trabalhos e estudos de marchetaria.<br \/>\nEm 1995, sempre motivado por impress\u00f5es que o marcaram na inf\u00e2ncia e na juventude, Maqueson volta para sua terra natal e nos revela, enfim, sua fonte de inspira\u00e7\u00e3o: &#8220;Conheci a fundo a Amaz\u00f4nia, sua vida, sua natureza, seus costumes, sua gente, a fauna e flora dessa regi\u00e3o. Viajei pelo rio Juru\u00e1, passei pelos seus estreitos e furos, explorei igarap\u00e9s e paran\u00e1s&#8230; Vivi em comunh\u00e3o \u00edntima com o meio e com o habitante. De tanto am\u00e1-los e senti-los, um dia meu cora\u00e7\u00e3o transbordou de emo\u00e7\u00e3o e resolvi mostrar para o mundo um pouco daquilo que vi e vivi em um estilo raro, mas, a maneira mais coerente que encontrei de falar do ser e da Amaz\u00f4nia&#8221;.<\/p>\n<p align=\"justify\">\u00a0\u00a0\u00a0\u00a0 Residindo, atualmente, em Cruzeiro do Sul\/AC, mant\u00e9m seu Ateli\u00ea de Marchetaria, onde produz seus trabalhos.<\/p>\n<\/blockquote>\n<\/blockquote>\n<table class=\" aligncenter\" border=\"0\" width=\"92%\" cellspacing=\"1\" bgcolor=\"#82ACD2\">\n<tbody>\n<tr>\n<td align=\"center\" bgcolor=\"#FFFFFF\" width=\"100%\">Exposi\u00e7\u00f5es<\/td>\n<\/tr>\n<\/tbody>\n<\/table>\n<blockquote>\n<div align=\"left\">\n<table border=\"0\">\n<tbody>\n<tr>\n<td valign=\"middle\" width=\"58%\">Realizou v\u00e1rias exposi\u00e7\u00f5es. Entre elas:<\/p>\n<ul>\n<li>1992 &#8211; EMBAIXADA DA ALEMANHA<br \/>\nEMBAIXADA DA SU\u00cd\u00c7A<br \/>\nEMBAIXADA DA ESPANHA<\/li>\n<li>1993 &#8211; FLORIAN\u00d3POLIS (Centro Integrado de Cultura)<\/li>\n<li>1995 &#8211; RIO DE JANEIRO (Hotel Gl\u00f3ria)<\/li>\n<\/ul>\n<\/td>\n<td width=\"42%\"><a href=\"http:\/\/www.czs.com.br\/arquivo\/maqueson\/canoeiro40x23x05.jpg\" data-rel=\"lightbox-image-1\" data-rl_title=\"\" data-rl_caption=\"\" title=\"\"><img loading=\"lazy\" decoding=\"async\" src=\"http:\/\/www.czs.com.br\/arquivo\/maqueson\/canoeiro40x23x05.jpg\" alt=\"Ampliar\" width=\"133\" height=\"180\" border=\"1\" \/><\/a><a href=\"http:\/\/www.czs.com.br\/arquivo\/maqueson\/paisagem_amazonica_atraves.jpg\" data-rel=\"lightbox-image-2\" data-rl_title=\"\" data-rl_caption=\"\" title=\"\"><img loading=\"lazy\" decoding=\"async\" src=\"http:\/\/www.czs.com.br\/arquivo\/maqueson\/paisagem_amazonica_atraves.jpg\" alt=\"Ampliar\" width=\"133\" height=\"180\" border=\"1\" \/><\/a><\/td>\n<\/tr>\n<\/tbody>\n<\/table>\n<\/div>\n<\/blockquote>\n<table class=\" aligncenter\" border=\"0\" width=\"92%\" cellspacing=\"1\" bgcolor=\"#82ACD2\">\n<tbody>\n<tr>\n<td align=\"center\" bgcolor=\"#FFFFFF\" width=\"100%\">Projetos<\/td>\n<\/tr>\n<\/tbody>\n<\/table>\n<blockquote>\n<blockquote>\n<p align=\"justify\">OFICINA-ESCOLA<br \/>\nUm dos projetos de Maqueson \u00e9 criar, em Cruzeiro do Sul, uma oficina escola com o objetivo de resgatar e preservar a arte da marchetaria. Para isso, vem estabelecendo parcerias com v\u00e1rios segmentos. Algumas das a\u00e7\u00f5es, que v\u00eam sendo praticadas, s\u00e3o as oficinas de marchetaria, feitas periodicamente para formar novos artes\u00f5es. Os alunos que mais se dedicam s\u00e3o contratados para atuar em parceria com a empresa. \u00c9 imprescind\u00edvel que o aluno estude, desenvolvendo-se da melhor maneira poss\u00edvel. A sele\u00e7\u00e3o para novos alunos \u00e9 feita por interm\u00e9dio das escolas p\u00fablicas, voltadas para alunos carentes, por\u00e9m, com vontade de aprender uma profiss\u00e3o, que proporcione, assim, ao mercado de artes, produtos de qualidade e que contribuam para que o Munic\u00edpio de Cruzeiro do Sul seja uma refer\u00eancia nacional de excel\u00eancia em marchetaria.<\/p>\n<\/blockquote>\n<\/blockquote>\n<table class=\" aligncenter\" border=\"0\" width=\"92%\" cellspacing=\"1\" bgcolor=\"#82ACD2\">\n<tbody>\n<tr>\n<td align=\"center\" bgcolor=\"#FFFFFF\" width=\"100%\">Mais informa\u00e7\u00f5es<\/td>\n<\/tr>\n<\/tbody>\n<\/table>\n<blockquote>\n<blockquote>\n<p align=\"center\">ATELI\u00ca DE MARCHETARIA<\/p>\n<p align=\"justify\">\u00a0\u00a0\u00a0 O Ateli\u00ea de Marchetaria \u00e9 uma empresa de Maqueson Pereira da Silva que atua na \u00e1rea de confec\u00e7\u00f5es de pe\u00e7as marchetadas. &#8220;Nosso trabalho \u00e9 inspirado no mundo em que vivemos: A Amaz\u00f4nia&#8221;. O Ateli\u00ea interpreta temas brasileiros, tais como p\u00e1ssaros, flores, m\u00fasica, florestas, etc., com a plasticidade do movimento do ar ou do rio, utilizando apenas o desenho e o tra\u00e7ado de madeiras e ra\u00edzes, com suas veias e contrastes de cores naturais, infundindo delicadeza, eleg\u00e2ncia e personalidade nas pe\u00e7as em que s\u00e3o aplicadas.&#8221;<\/p>\n<p align=\"center\">PRODUTOS<br \/>\nAtualmente, o Ateli\u00ea de Marchetaria produz: Ba\u00fas, porta-j\u00f3ias, quadros, mesas de centro, caixas para charutos, caixas para instrumentos musicais, tais como violinos, e outros.<\/p>\n<p align=\"center\"><img loading=\"lazy\" decoding=\"async\" src=\"http:\/\/www.czs.com.br\/arquivo\/maqueson\/pecaoitavada_redonda.jpg\" alt=\"\" width=\"150\" height=\"112\" border=\"1\" \/>\u00a0<img loading=\"lazy\" decoding=\"async\" src=\"http:\/\/www.czs.com.br\/arquivo\/maqueson\/curupiao_do_peito_amarelo.jpg\" alt=\"\" width=\"150\" height=\"112\" border=\"1\" \/><br \/>\n<img loading=\"lazy\" decoding=\"async\" src=\"http:\/\/www.czs.com.br\/arquivo\/maqueson\/charuteira_com_paisagem.jpg\" alt=\"\" width=\"150\" height=\"112\" border=\"1\" \/><\/p>\n<\/blockquote>\n<\/blockquote>\n<blockquote>\n<blockquote>\n<p align=\"center\">ENDERE\u00c7O<br \/>\nRua do Condamine, 514<br \/>\nBairro Formoso &#8211; CEP: 69980-000 &#8211; Cruzeiro do Sul &#8211; AC<br \/>\nTelefones: (68) 3322-8119 \/ 3322-6206 \/ 9976-7223 \/ 9987-3311<br \/>\nE-mails: <a href=\"mailto:maqueson@hotmail.com\">maqueson@hotmail.com<\/a> ou <a href=\"mailto:atendimento@maquesonmarchetaria.com\">atendimento@maquesonmarchetaria.com<\/a><br \/>\nHomepage: <a href=\"http:\/\/www.maquesonmarchetaria.com\/\" target=\"_blank\">www.maquesonmarchetaria.com<\/a><\/p>\n<\/blockquote>\n<\/blockquote>\n<p style=\"text-align: center;\"><img loading=\"lazy\" decoding=\"async\" src=\"http:\/\/www.czs.com.br\/arquivo\/maqueson\/caixa.jpg\" alt=\"\" width=\"240\" height=\"179\" border=\"1\" \/><br \/>\n<img loading=\"lazy\" decoding=\"async\" src=\"http:\/\/www.czs.com.br\/arquivo\/maqueson\/oncapintada.jpg\" alt=\"\" width=\"200\" height=\"118\" border=\"1\" \/><br \/>\n<img loading=\"lazy\" decoding=\"async\" src=\"http:\/\/www.czs.com.br\/arquivo\/maqueson\/jandaia_brasileira.jpg\" alt=\"\" width=\"200\" height=\"118\" border=\"1\" \/><\/p>\n","protected":false},"excerpt":{"rendered":"<p>(Autodidata) Cruzeiro do Sul &#8211; AC A Arte de Maqueson \u00a0\u00a0\u00a0\u00a0 Um p\u00e1ssaro pousa, suavemente, num ramo de flores&#8230; Uma borboleta voa&#8230; O rio Juru\u00e1 desce por entre casas&#8230; Jos\u00e9 e Maria fogem para o Egito com o menino&#8230; Mogno,<\/p>\n<p class=\"link-more\"><a class=\"more-link\" href=\"https:\/\/www.czs.com.br\/cruzeirodosul\/cultura\/maqueson-pereira-da-silva\/\">Read More <span class=\"screen-reader-text\">Maqueson Pereira da Silva<\/span><\/a><\/p>\n","protected":false},"author":1,"featured_media":0,"parent":30,"menu_order":0,"comment_status":"closed","ping_status":"closed","template":"","meta":{"footnotes":""},"class_list":["post-39","page","type-page","status-publish","hentry","thumb-above-title"],"_links":{"self":[{"href":"https:\/\/www.czs.com.br\/cruzeirodosul\/wp-json\/wp\/v2\/pages\/39","targetHints":{"allow":["GET"]}}],"collection":[{"href":"https:\/\/www.czs.com.br\/cruzeirodosul\/wp-json\/wp\/v2\/pages"}],"about":[{"href":"https:\/\/www.czs.com.br\/cruzeirodosul\/wp-json\/wp\/v2\/types\/page"}],"author":[{"embeddable":true,"href":"https:\/\/www.czs.com.br\/cruzeirodosul\/wp-json\/wp\/v2\/users\/1"}],"replies":[{"embeddable":true,"href":"https:\/\/www.czs.com.br\/cruzeirodosul\/wp-json\/wp\/v2\/comments?post=39"}],"version-history":[{"count":1,"href":"https:\/\/www.czs.com.br\/cruzeirodosul\/wp-json\/wp\/v2\/pages\/39\/revisions"}],"predecessor-version":[{"id":40,"href":"https:\/\/www.czs.com.br\/cruzeirodosul\/wp-json\/wp\/v2\/pages\/39\/revisions\/40"}],"up":[{"embeddable":true,"href":"https:\/\/www.czs.com.br\/cruzeirodosul\/wp-json\/wp\/v2\/pages\/30"}],"wp:attachment":[{"href":"https:\/\/www.czs.com.br\/cruzeirodosul\/wp-json\/wp\/v2\/media?parent=39"}],"curies":[{"name":"wp","href":"https:\/\/api.w.org\/{rel}","templated":true}]}}