{"id":43,"date":"2017-03-28T13:51:45","date_gmt":"2017-03-28T18:51:45","guid":{"rendered":"http:\/\/www.czs.com.br\/cruzeirodosul\/?page_id=43"},"modified":"2024-09-19T21:04:11","modified_gmt":"2024-09-20T02:04:11","slug":"osvaldo-dilson","status":"publish","type":"page","link":"https:\/\/www.czs.com.br\/cruzeirodosul\/cultura\/osvaldo-dilson\/","title":{"rendered":"Osvaldo Dilson"},"content":{"rendered":"<p align=\"center\">Osvaldo Dilson<\/p>\n<p align=\"center\">(Autodidata)<br \/>\nCruzeiro do Sul &#8211; AC, 1963<\/p>\n<table border=\"0\" width=\"92%\" cellspacing=\"1\" bgcolor=\"#82ACD2\">\n<tbody>\n<tr>\n<td align=\"center\" bgcolor=\"#FFFFFF\" width=\"100%\">Sobre o Artista<\/td>\n<\/tr>\n<\/tbody>\n<\/table>\n<blockquote>\n<blockquote>\n<p align=\"justify\">\u00a0\u00a0\u00a0\u00a0 Osvaldo Dilson, artista pl\u00e1stico, filho de Cruzeiro do Sul que, de uma maneira auto-did\u00e1tica, veio construindo o seu mundo particular de cores e formas, experimentando, ao longo dessa caminhada, variados estilos e temas imag\u00e9ticos. Tais como o cubismo, impressionismo, surrealismo, abstrato e figurativo, com os quais representa a floresta, retratos, naturezas-mortas, o seringueiro, a pr\u00f3pria cidade de Cruzeiro do Sul, etc. A busca, como se v\u00ea, ainda \u00e9 uma constante na alma desse artista. Mas essa volubilidade n\u00e3o diminui o seu valor art\u00edstico. Ao contr\u00e1rio, confirma a sua for\u00e7a criativa, que \u00e9 estimulada por um sentimento inquieto de querer expressar poeticamente, por meio de estilos diferentes, os elementos part\u00edcipes da sua hist\u00f3ria, do seu cotidiano. E, ainda, como uma extens\u00e3o da sua paix\u00e3o pelo belo, representado bidimencionalmente, Osvaldo vai em busca por emoldur\u00e1-lo. \u00c9, ent\u00e3o, quando surge o seu prazer pelas molduras. Gosto esse, que o leva a pesquisar o emprego destas que melhor se adeque, esteticamente, aos temas e estilos de um quadro, ou mesmo de uma fotografia.<\/p>\n<p align=\"right\">Ant\u00f4nio Carlos, artista pl\u00e1stico.<\/p>\n<p align=\"center\">\n<\/blockquote>\n<\/blockquote>\n<table border=\"0\" width=\"92%\" cellspacing=\"1\" bgcolor=\"#82ADD2\">\n<tbody>\n<tr>\n<td align=\"center\" bgcolor=\"#FFFFFF\" width=\"100%\">Exposi\u00e7\u00f5es Individuais<\/td>\n<\/tr>\n<\/tbody>\n<\/table>\n<blockquote>\n<blockquote>\n<ul>\n<li>\n<p align=\"left\">1986 \u2013 Sal\u00e3o do Jardim da Inf\u00e2ncia do Instituto Sta. Terezinha \u2013 Cruzeiro do Sul<\/p>\n<\/li>\n<li>\n<p align=\"left\">1987 \u2013 Biblioteca Municipal de Cruzeiro do Sul<\/p>\n<\/li>\n<li>\n<p align=\"left\">1989 \u2013 Sal\u00e3o da UFAC \u2013 N\u00facleo de Cruzeiro do Sul<\/p>\n<\/li>\n<li>\n<p align=\"left\">1991 \u2013 Sal\u00e3o do Samambaia Clube \u2013 Cruzeiro do Sul<\/p>\n<\/li>\n<li>\n<p align=\"left\">1993 \u2013 Sal\u00e3o do Col\u00e9gio Prof. Flodoardo Cabral \u2013 Cruzeiro do Sul<\/p>\n<\/li>\n<li>\n<p align=\"left\">1994 \u2013 Sal\u00e3o do Banco do Brasil \u2013 Cruzeiro do Sul<\/p>\n<\/li>\n<li>\n<p align=\"left\">1995 \u2013 Sal\u00e3o do Banco do Brasil \u2013 Cruzeiro do Sul<\/p>\n<\/li>\n<li>\n<p align=\"left\">1995 \u2013 Sal\u00e3o do Col\u00e9gio S\u00e3o Jos\u00e9 \u2013 Cruzeiro do Sul<\/p>\n<\/li>\n<li>\n<p align=\"left\">1995 \u2013 Projeto SEBRAE, Sal\u00e3o do Samambaia Clube \u2013 Cruzeiro do Sul<\/p>\n<\/li>\n<li>\n<p align=\"left\">1996 \u2013 Anivers\u00e1rio da INFRAERO &#8211; Sagu\u00e3o do Aeroporto Internacional de Cruzeiro do Sul<\/p>\n<\/li>\n<li>\n<p align=\"left\">1997 \u2013 Sal\u00e3o do Aeroporto Internacional de Cruzeiro do Sul<\/p>\n<\/li>\n<li>\n<p align=\"left\">2000 \u2013 Anivers\u00e1rio da INFRAERO \u2013 Sal\u00e3o do Aeroporto Internacional de Cruzeiro do Sul<\/p>\n<\/li>\n<li>\n<p align=\"left\">2001 \u2013 Semana Universit\u00e1ria \u2013 Sal\u00e3o da UFAC \u2013 Cruzeiro do Sul<\/p>\n<\/li>\n<\/ul>\n<\/blockquote>\n<\/blockquote>\n<table border=\"0\" width=\"92%\" cellspacing=\"1\" bgcolor=\"#82ADD2\">\n<tbody>\n<tr>\n<td align=\"center\" bgcolor=\"#FFFFFF\" width=\"100%\">Exposi\u00e7\u00f5es Coletivas<\/td>\n<\/tr>\n<\/tbody>\n<\/table>\n<blockquote>\n<blockquote>\n<ul>\n<li>\n<p align=\"left\">1990 \u2013 Pra\u00e7a da Integra\u00e7\u00e3o<\/p>\n<\/li>\n<li>\n<p align=\"left\">1991 \u2013 Sal\u00e3o da UFAC, N\u00facleo de Cruzeiro do Sul<\/p>\n<\/li>\n<li>\n<p align=\"left\">1991 \u2013 Sal\u00e3o do Col\u00e9gio Prof. Flodoardo Cabral<\/p>\n<\/li>\n<li>\n<p align=\"left\">1993 \u2013 Clube dos Oficiais, 61\u00ba Bis<\/p>\n<\/li>\n<li>\n<p align=\"left\">1996 \u2013 1\u00ba Congresso de Direito do Trabalho de Cruzeiro do Sul<br \/>\nC. Hotel de Tr\u00e2nsito &#8211; 61\u00ba Bis<\/p>\n<\/li>\n<li>\n<p align=\"left\">1998 \u2013 Inaugura\u00e7\u00e3o do Teatro dos N\u00e1uas \u2013 Sal\u00e3o do Teatro<\/p>\n<\/li>\n<li>\n<p align=\"left\">1999 \u2013 Projeto SEBRAE \u2013 Sal\u00e3o Cultural Prof. Cord\u00e9lia Lima<\/p>\n<\/li>\n<li>\n<p align=\"left\">2000 \u2013 3\u00ba Encontro de Ju\u00edzes Eleitorais do Acre &#8211; Sal\u00e3o do Teatro dos N\u00e1uas<\/p>\n<\/li>\n<li>\n<p align=\"left\">2002 \u2013 Escola D. Henrique Ruth<\/p>\n<\/li>\n<li>\n<p align=\"left\">2003 \u2013 Inaugura\u00e7\u00e3o do Centro Cultural do Juru\u00e1<\/p>\n<\/li>\n<li>\n<p align=\"left\">2003 \u2013 Inaugura\u00e7\u00e3o do SEBRAE &#8211; Cruzeiro do Sul<\/p>\n<\/li>\n<\/ul>\n<\/blockquote>\n<\/blockquote>\n<table border=\"0\" width=\"92%\" cellspacing=\"1\" bgcolor=\"#82ADD2\">\n<tbody>\n<tr>\n<td align=\"center\" bgcolor=\"#FFFFFF\" width=\"100%\">Premia\u00e7\u00f5es<\/td>\n<\/tr>\n<\/tbody>\n<\/table>\n<blockquote>\n<blockquote>\n<ul>\n<li>\n<p align=\"left\">1991 \u2013 1\u00ba Festival de Cultura de Cruzeiro do Sul &#8211; em reconhecimento \u00e0s contribui\u00e7\u00f5es legadas \u00e0 cultura cruzeirense<\/p>\n<\/li>\n<li>\n<p align=\"left\">1993 \u2013 1\u00ba Pr\u00eamio \u2013 61\u00ba BIS, Semana da Infantaria\/93<\/p>\n<\/li>\n<\/ul>\n<\/blockquote>\n<\/blockquote>\n<table border=\"0\" width=\"92%\" cellspacing=\"1\" bgcolor=\"#82ADD2\">\n<tbody>\n<tr>\n<td align=\"center\" bgcolor=\"#FFFFFF\" width=\"100%\">Mais Informa\u00e7\u00f5es<\/td>\n<\/tr>\n<\/tbody>\n<\/table>\n<blockquote>\n<blockquote>\n<p align=\"center\">Rua do Formoso &#8211; Trav. II, S\/N &#8211; Caixa Postal 42<br \/>\nCEP 69980-000\u00a0 Cruzeiro do Sul &#8211; AC, Brasil<br \/>\nFone\/FAX: (68) 3322-2332\u00a0 Celular: (68) 99203-3027<br \/>\n<a href=\"mailto:osvaldodilson@yahoo.com.br\">osvaldodilson@yahoo.com.br<\/a><\/p>\n<\/blockquote>\n<\/blockquote>\n","protected":false},"excerpt":{"rendered":"<p>Osvaldo Dilson (Autodidata) Cruzeiro do Sul &#8211; AC, 1963 Sobre o Artista \u00a0\u00a0\u00a0\u00a0 Osvaldo Dilson, artista pl\u00e1stico, filho de Cruzeiro do Sul que, de uma maneira auto-did\u00e1tica, veio construindo o seu mundo particular de cores e formas, experimentando, ao longo<\/p>\n<p class=\"link-more\"><a class=\"more-link\" href=\"https:\/\/www.czs.com.br\/cruzeirodosul\/cultura\/osvaldo-dilson\/\">Read More <span class=\"screen-reader-text\">Osvaldo Dilson<\/span><\/a><\/p>\n","protected":false},"author":1,"featured_media":0,"parent":30,"menu_order":0,"comment_status":"closed","ping_status":"closed","template":"","meta":{"footnotes":""},"class_list":["post-43","page","type-page","status-publish","hentry","thumb-above-title"],"_links":{"self":[{"href":"https:\/\/www.czs.com.br\/cruzeirodosul\/wp-json\/wp\/v2\/pages\/43","targetHints":{"allow":["GET"]}}],"collection":[{"href":"https:\/\/www.czs.com.br\/cruzeirodosul\/wp-json\/wp\/v2\/pages"}],"about":[{"href":"https:\/\/www.czs.com.br\/cruzeirodosul\/wp-json\/wp\/v2\/types\/page"}],"author":[{"embeddable":true,"href":"https:\/\/www.czs.com.br\/cruzeirodosul\/wp-json\/wp\/v2\/users\/1"}],"replies":[{"embeddable":true,"href":"https:\/\/www.czs.com.br\/cruzeirodosul\/wp-json\/wp\/v2\/comments?post=43"}],"version-history":[{"count":3,"href":"https:\/\/www.czs.com.br\/cruzeirodosul\/wp-json\/wp\/v2\/pages\/43\/revisions"}],"predecessor-version":[{"id":221,"href":"https:\/\/www.czs.com.br\/cruzeirodosul\/wp-json\/wp\/v2\/pages\/43\/revisions\/221"}],"up":[{"embeddable":true,"href":"https:\/\/www.czs.com.br\/cruzeirodosul\/wp-json\/wp\/v2\/pages\/30"}],"wp:attachment":[{"href":"https:\/\/www.czs.com.br\/cruzeirodosul\/wp-json\/wp\/v2\/media?parent=43"}],"curies":[{"name":"wp","href":"https:\/\/api.w.org\/{rel}","templated":true}]}}